{"id":868,"date":"2023-05-20T13:45:54","date_gmt":"2023-05-20T13:45:54","guid":{"rendered":"http:\/\/scudi.themes-pro.com\/?page_id=868"},"modified":"2024-05-25T09:32:28","modified_gmt":"2024-05-25T07:32:28","slug":"site-02","status":"publish","type":"page","link":"https:\/\/www.meridiano-cero.com\/?page_id=868","title":{"rendered":"Site-02"},"content":{"rendered":"\t\t<div data-elementor-type=\"wp-page\" data-elementor-id=\"868\" class=\"elementor elementor-868\">\n\t\t\t\t\t\t<section class=\"elementor-section elementor-top-section elementor-element elementor-element-0b739fe elementor-section-boxed elementor-section-height-default elementor-section-height-default\" data-id=\"0b739fe\" data-element_type=\"section\" data-e-type=\"section\">\n\t\t\t\t\t\t<div class=\"elementor-container elementor-column-gap-default\">\n\t\t\t\t\t<div class=\"elementor-column elementor-col-100 elementor-top-column elementor-element elementor-element-8c8025b\" data-id=\"8c8025b\" data-element_type=\"column\" data-e-type=\"column\">\n\t\t\t<div class=\"elementor-widget-wrap elementor-element-populated\">\n\t\t\t\t\t\t<div class=\"elementor-element elementor-element-a82836e elementor-widget elementor-widget-heading\" data-id=\"a82836e\" data-element_type=\"widget\" data-e-type=\"widget\" data-widget_type=\"heading.default\">\n\t\t\t\t<div class=\"elementor-widget-container\">\n\t\t\t\t\t<h3 class=\"elementor-heading-title elementor-size-default\">Punta Restinga<\/h3>\t\t\t\t<\/div>\n\t\t\t\t<\/div>\n\t\t\t\t<div class=\"elementor-element elementor-element-f1a82f8 elementor-widget elementor-widget-heading\" data-id=\"f1a82f8\" data-element_type=\"widget\" data-e-type=\"widget\" data-widget_type=\"heading.default\">\n\t\t\t\t<div class=\"elementor-widget-container\">\n\t\t\t\t\t<p class=\"elementor-heading-title elementor-size-default\">Tr\u00e8s int\u00e9ressante du fait de son relief spectaculaire, avec une arche magnifique \u00e0 40 m, couverte de corail noir et la faune en abondance. Un plateau de sable apr\u00e8s l'arche \u00e0 plus de 40m permet de faire venir des m\u00e9rous et des raies en grand nombre pour s'abriter pr\u00e8s du mur qui remonte \u00e0 une dizaine de m\u00e8tres de la surface, recouvert de corail noir, d'\u00e9ponges jaunes avec de nombreuses failles et grottes ou s'abritent langoustes et m\u00e9rous. Au-dessus du mur, des canyons remontent jusqu'\u00e0 la pointe de la Restinga, avec des bancs de saupes et de poissons perroquets.<\/p>\t\t\t\t<\/div>\n\t\t\t\t<\/div>\n\t\t\t\t<div class=\"elementor-element elementor-element-b340a7a elementor-widget elementor-widget-image-gallery\" data-id=\"b340a7a\" data-element_type=\"widget\" data-e-type=\"widget\" data-widget_type=\"image-gallery.default\">\n\t\t\t\t<div class=\"elementor-widget-container\">\n\t\t\t\t\t\t\t<div class=\"elementor-image-gallery\">\n\t\t\t<div id='gallery-1' class='gallery galleryid-868 gallery-columns-2 gallery-size-full'><dl class='gallery-item'>\n\t\t\t<dt class='gallery-icon landscape'>\n\t\t\t\t<a data-elementor-open-lightbox=\"yes\" data-elementor-lightbox-slideshow=\"b340a7a\" data-elementor-lightbox-title=\"s02-big\" data-e-action-hash=\"#elementor-action%3Aaction%3Dlightbox%26settings%3DeyJpZCI6MTY3MywidXJsIjoiaHR0cHM6XC9cL3d3dy5tZXJpZGlhbm8tY2Vyby5jb21cL3dwLWNvbnRlbnRcL3VwbG9hZHNcLzIwMjRcLzAxXC9zMDItYmlnLmpwZyIsInNsaWRlc2hvdyI6ImIzNDBhN2EifQ%3D%3D\" href='https:\/\/www.meridiano-cero.com\/wp-content\/uploads\/2024\/01\/s02-big.jpg'><img fetchpriority=\"high\" decoding=\"async\" width=\"1200\" height=\"800\" src=\"https:\/\/www.meridiano-cero.com\/wp-content\/uploads\/2024\/01\/s02-big.jpg\" class=\"attachment-full size-full\" alt=\"\" srcset=\"https:\/\/www.meridiano-cero.com\/wp-content\/uploads\/2024\/01\/s02-big.jpg 1200w, https:\/\/www.meridiano-cero.com\/wp-content\/uploads\/2024\/01\/s02-big-300x200.jpg 300w, https:\/\/www.meridiano-cero.com\/wp-content\/uploads\/2024\/01\/s02-big-1024x683.jpg 1024w, https:\/\/www.meridiano-cero.com\/wp-content\/uploads\/2024\/01\/s02-big-768x512.jpg 768w\" sizes=\"(max-width: 1200px) 100vw, 1200px\" \/><\/a>\n\t\t\t<\/dt><\/dl><dl class='gallery-item'>\n\t\t\t<dt class='gallery-icon landscape'>\n\t\t\t\t<a data-elementor-open-lightbox=\"yes\" data-elementor-lightbox-slideshow=\"b340a7a\" data-elementor-lightbox-title=\"23\" data-e-action-hash=\"#elementor-action%3Aaction%3Dlightbox%26settings%3DeyJpZCI6MTY3NiwidXJsIjoiaHR0cHM6XC9cL3d3dy5tZXJpZGlhbm8tY2Vyby5jb21cL3dwLWNvbnRlbnRcL3VwbG9hZHNcLzIwMjRcLzAxXC8yMy5qcGciLCJzbGlkZXNob3ciOiJiMzQwYTdhIn0%3D\" href='https:\/\/www.meridiano-cero.com\/wp-content\/uploads\/2024\/01\/23.jpg'><img decoding=\"async\" width=\"1200\" height=\"800\" src=\"https:\/\/www.meridiano-cero.com\/wp-content\/uploads\/2024\/01\/23.jpg\" class=\"attachment-full size-full\" alt=\"\" srcset=\"https:\/\/www.meridiano-cero.com\/wp-content\/uploads\/2024\/01\/23.jpg 1200w, https:\/\/www.meridiano-cero.com\/wp-content\/uploads\/2024\/01\/23-300x200.jpg 300w, https:\/\/www.meridiano-cero.com\/wp-content\/uploads\/2024\/01\/23-1024x683.jpg 1024w, https:\/\/www.meridiano-cero.com\/wp-content\/uploads\/2024\/01\/23-768x512.jpg 768w\" sizes=\"(max-width: 1200px) 100vw, 1200px\" \/><\/a>\n\t\t\t<\/dt><\/dl><br style=\"clear: both\" \/>\n\t\t<\/div>\n\t\t<\/div>\n\t\t\t\t\t\t<\/div>\n\t\t\t\t<\/div>\n\t\t\t\t<div class=\"elementor-element elementor-element-8a37f80 elementor-widget elementor-widget-heading\" data-id=\"8a37f80\" data-element_type=\"widget\" data-e-type=\"widget\" data-widget_type=\"heading.default\">\n\t\t\t\t<div class=\"elementor-widget-container\">\n\t\t\t\t\t<p class=\"elementor-heading-title elementor-size-default\">Site de plong\u00e9e situ\u00e9 dans la R\u00e9serve Marine \"Ext\u00e9rieure\" \/ Plongeurs interm\u00e9diaires et confirm\u00e9s.<\/p>\t\t\t\t<\/div>\n\t\t\t\t<\/div>\n\t\t\t\t<div class=\"elementor-element elementor-element-fe497a8 elementor-icon-list--layout-inline elementor-list-item-link-inline elementor-align-center elementor-widget elementor-widget-icon-list\" data-id=\"fe497a8\" data-element_type=\"widget\" data-e-type=\"widget\" data-widget_type=\"icon-list.default\">\n\t\t\t\t<div class=\"elementor-widget-container\">\n\t\t\t\t\t\t\t<ul class=\"elementor-icon-list-items elementor-inline-items\">\n\t\t\t\t\t\t\t<li class=\"elementor-icon-list-item elementor-inline-item\">\n\t\t\t\t\t\t\t\t\t\t\t<a href=\"https:\/\/www.meridiano-cero.com\/?page_id=20\">\n\n\t\t\t\t\t\t\t\t\t\t\t\t<span class=\"elementor-icon-list-icon\">\n\t\t\t\t\t\t\t<svg aria-hidden=\"true\" class=\"e-font-icon-svg e-fas-caret-square-left\" viewBox=\"0 0 448 512\" xmlns=\"http:\/\/www.w3.org\/2000\/svg\"><path d=\"M400 480H48c-26.51 0-48-21.49-48-48V80c0-26.51 21.49-48 48-48h352c26.51 0 48 21.49 48 48v352c0 26.51-21.49 48-48 48zM259.515 124.485l-123.03 123.03c-4.686 4.686-4.686 12.284 0 16.971l123.029 123.029c7.56 7.56 20.485 2.206 20.485-8.485V132.971c.001-10.691-12.925-16.045-20.484-8.486z\"><\/path><\/svg>\t\t\t\t\t\t<\/span>\n\t\t\t\t\t\t\t\t\t\t<span class=\"elementor-icon-list-text\">Revenir aux sites de plong\u00e9e<\/span>\n\t\t\t\t\t\t\t\t\t\t\t<\/a>\n\t\t\t\t\t\t\t\t\t<\/li>\n\t\t\t\t\t\t<\/ul>\n\t\t\t\t\t\t<\/div>\n\t\t\t\t<\/div>\n\t\t\t\t\t<\/div>\n\t\t<\/div>\n\t\t\t\t\t<\/div>\n\t\t<\/section>\n\t\t\t\t<\/div>\n\t\t","protected":false},"excerpt":{"rendered":"<p>Punta Restinga Tr\u00e8s int\u00e9ressante du fait de son relief spectaculaire, avec une arche magnifique \u00e0 40 m, couverte de corail noir et la faune en abondance. Un plateau de sable apr\u00e8s l&#8217;arche \u00e0 plus de 40m permet de faire venir des m\u00e9rous et des raies en grand nombre pour s&#8217;abriter pr\u00e8s du mur qui remonte [&hellip;]<\/p>\n","protected":false},"author":1,"featured_media":0,"parent":20,"menu_order":8,"comment_status":"closed","ping_status":"closed","template":"page-title.php","meta":{"footnotes":""},"class_list":["post-868","page","type-page","status-publish","hentry"],"yoast_head":"<!-- This site is optimized with the Yoast SEO plugin v27.3 - https:\/\/yoast.com\/product\/yoast-seo-wordpress\/ -->\n<title>Site-02 - meridiano-cero<\/title>\n<meta name=\"robots\" content=\"index, follow, max-snippet:-1, max-image-preview:large, max-video-preview:-1\" \/>\n<link rel=\"canonical\" href=\"https:\/\/www.meridiano-cero.com\/?page_id=868\" \/>\n<meta property=\"og:locale\" content=\"fr_FR\" \/>\n<meta property=\"og:type\" content=\"article\" \/>\n<meta property=\"og:title\" content=\"Site-02 - meridiano-cero\" \/>\n<meta property=\"og:description\" content=\"Punta Restinga Tr\u00e8s int\u00e9ressante du fait de son relief spectaculaire, avec une arche magnifique \u00e0 40 m, couverte de corail noir et la faune en abondance. Un plateau de sable apr\u00e8s l&#8217;arche \u00e0 plus de 40m permet de faire venir des m\u00e9rous et des raies en grand nombre pour s&#8217;abriter pr\u00e8s du mur qui remonte [&hellip;]\" \/>\n<meta property=\"og:url\" content=\"https:\/\/www.meridiano-cero.com\/?page_id=868\" \/>\n<meta property=\"og:site_name\" content=\"meridiano-cero\" \/>\n<meta property=\"article:publisher\" content=\"https:\/\/www.facebook.com\/meridianoceroclub\/\" \/>\n<meta property=\"article:modified_time\" content=\"2024-05-25T07:32:28+00:00\" \/>\n<meta property=\"og:image\" content=\"https:\/\/www.meridiano-cero.com\/wp-content\/uploads\/2024\/01\/s02-big.jpg\" \/>\n<meta name=\"twitter:card\" content=\"summary_large_image\" \/>\n<meta name=\"twitter:label1\" content=\"Dur\u00e9e de lecture estim\u00e9e\" \/>\n\t<meta name=\"twitter:data1\" content=\"1 minute\" \/>\n<script type=\"application\/ld+json\" class=\"yoast-schema-graph\">{\"@context\":\"https:\\\/\\\/schema.org\",\"@graph\":[{\"@type\":\"WebPage\",\"@id\":\"https:\\\/\\\/www.meridiano-cero.com\\\/?page_id=868\",\"url\":\"https:\\\/\\\/www.meridiano-cero.com\\\/?page_id=868\",\"name\":\"Site-02 - meridiano-cero\",\"isPartOf\":{\"@id\":\"https:\\\/\\\/www.meridiano-cero.com\\\/#website\"},\"primaryImageOfPage\":{\"@id\":\"https:\\\/\\\/www.meridiano-cero.com\\\/?page_id=868#primaryimage\"},\"image\":{\"@id\":\"https:\\\/\\\/www.meridiano-cero.com\\\/?page_id=868#primaryimage\"},\"thumbnailUrl\":\"https:\\\/\\\/www.meridiano-cero.com\\\/wp-content\\\/uploads\\\/2024\\\/01\\\/s02-big.jpg\",\"datePublished\":\"2023-05-20T13:45:54+00:00\",\"dateModified\":\"2024-05-25T07:32:28+00:00\",\"breadcrumb\":{\"@id\":\"https:\\\/\\\/www.meridiano-cero.com\\\/?page_id=868#breadcrumb\"},\"inLanguage\":\"fr-FR\",\"potentialAction\":[{\"@type\":\"ReadAction\",\"target\":[\"https:\\\/\\\/www.meridiano-cero.com\\\/?page_id=868\"]}]},{\"@type\":\"ImageObject\",\"inLanguage\":\"fr-FR\",\"@id\":\"https:\\\/\\\/www.meridiano-cero.com\\\/?page_id=868#primaryimage\",\"url\":\"https:\\\/\\\/www.meridiano-cero.com\\\/wp-content\\\/uploads\\\/2024\\\/01\\\/s02-big.jpg\",\"contentUrl\":\"https:\\\/\\\/www.meridiano-cero.com\\\/wp-content\\\/uploads\\\/2024\\\/01\\\/s02-big.jpg\"},{\"@type\":\"BreadcrumbList\",\"@id\":\"https:\\\/\\\/www.meridiano-cero.com\\\/?page_id=868#breadcrumb\",\"itemListElement\":[{\"@type\":\"ListItem\",\"position\":1,\"name\":\"Accueil\",\"item\":\"https:\\\/\\\/www.meridiano-cero.com\\\/\"},{\"@type\":\"ListItem\",\"position\":2,\"name\":\"Sites de plong\u00e9es\",\"item\":\"https:\\\/\\\/www.meridiano-cero.com\\\/?page_id=20\"},{\"@type\":\"ListItem\",\"position\":3,\"name\":\"Site-02\"}]},{\"@type\":\"WebSite\",\"@id\":\"https:\\\/\\\/www.meridiano-cero.com\\\/#website\",\"url\":\"https:\\\/\\\/www.meridiano-cero.com\\\/\",\"name\":\"meridiano-cero\",\"description\":\"Take only pictures, leave only bubbles!\",\"publisher\":{\"@id\":\"https:\\\/\\\/www.meridiano-cero.com\\\/#organization\"},\"potentialAction\":[{\"@type\":\"SearchAction\",\"target\":{\"@type\":\"EntryPoint\",\"urlTemplate\":\"https:\\\/\\\/www.meridiano-cero.com\\\/?s={search_term_string}\"},\"query-input\":{\"@type\":\"PropertyValueSpecification\",\"valueRequired\":true,\"valueName\":\"search_term_string\"}}],\"inLanguage\":\"fr-FR\"},{\"@type\":\"Organization\",\"@id\":\"https:\\\/\\\/www.meridiano-cero.com\\\/#organization\",\"name\":\"MERIDIANO CERO\",\"url\":\"https:\\\/\\\/www.meridiano-cero.com\\\/\",\"logo\":{\"@type\":\"ImageObject\",\"inLanguage\":\"fr-FR\",\"@id\":\"https:\\\/\\\/www.meridiano-cero.com\\\/#\\\/schema\\\/logo\\\/image\\\/\",\"url\":\"https:\\\/\\\/www.meridiano-cero.com\\\/wp-content\\\/uploads\\\/2024\\\/01\\\/M0-2-noir-pdf.jpg\",\"contentUrl\":\"https:\\\/\\\/www.meridiano-cero.com\\\/wp-content\\\/uploads\\\/2024\\\/01\\\/M0-2-noir-pdf.jpg\",\"width\":640,\"height\":437,\"caption\":\"MERIDIANO CERO\"},\"image\":{\"@id\":\"https:\\\/\\\/www.meridiano-cero.com\\\/#\\\/schema\\\/logo\\\/image\\\/\"},\"sameAs\":[\"https:\\\/\\\/www.facebook.com\\\/meridianoceroclub\\\/\",\"https:\\\/\\\/www.instagram.com\\\/meridiano0divingcenter\\\/\"]}]}<\/script>\n<!-- \/ Yoast SEO plugin. -->","yoast_head_json":{"title":"Site-02 - meridiano-cero","robots":{"index":"index","follow":"follow","max-snippet":"max-snippet:-1","max-image-preview":"max-image-preview:large","max-video-preview":"max-video-preview:-1"},"canonical":"https:\/\/www.meridiano-cero.com\/?page_id=868","og_locale":"fr_FR","og_type":"article","og_title":"Site-02 - meridiano-cero","og_description":"Punta Restinga Tr\u00e8s int\u00e9ressante du fait de son relief spectaculaire, avec une arche magnifique \u00e0 40 m, couverte de corail noir et la faune en abondance. Un plateau de sable apr\u00e8s l&#8217;arche \u00e0 plus de 40m permet de faire venir des m\u00e9rous et des raies en grand nombre pour s&#8217;abriter pr\u00e8s du mur qui remonte [&hellip;]","og_url":"https:\/\/www.meridiano-cero.com\/?page_id=868","og_site_name":"meridiano-cero","article_publisher":"https:\/\/www.facebook.com\/meridianoceroclub\/","article_modified_time":"2024-05-25T07:32:28+00:00","og_image":[{"url":"https:\/\/www.meridiano-cero.com\/wp-content\/uploads\/2024\/01\/s02-big.jpg","type":"","width":"","height":""}],"twitter_card":"summary_large_image","twitter_misc":{"Dur\u00e9e de lecture estim\u00e9e":"1 minute"},"schema":{"@context":"https:\/\/schema.org","@graph":[{"@type":"WebPage","@id":"https:\/\/www.meridiano-cero.com\/?page_id=868","url":"https:\/\/www.meridiano-cero.com\/?page_id=868","name":"Site-02 - meridiano-cero","isPartOf":{"@id":"https:\/\/www.meridiano-cero.com\/#website"},"primaryImageOfPage":{"@id":"https:\/\/www.meridiano-cero.com\/?page_id=868#primaryimage"},"image":{"@id":"https:\/\/www.meridiano-cero.com\/?page_id=868#primaryimage"},"thumbnailUrl":"https:\/\/www.meridiano-cero.com\/wp-content\/uploads\/2024\/01\/s02-big.jpg","datePublished":"2023-05-20T13:45:54+00:00","dateModified":"2024-05-25T07:32:28+00:00","breadcrumb":{"@id":"https:\/\/www.meridiano-cero.com\/?page_id=868#breadcrumb"},"inLanguage":"fr-FR","potentialAction":[{"@type":"ReadAction","target":["https:\/\/www.meridiano-cero.com\/?page_id=868"]}]},{"@type":"ImageObject","inLanguage":"fr-FR","@id":"https:\/\/www.meridiano-cero.com\/?page_id=868#primaryimage","url":"https:\/\/www.meridiano-cero.com\/wp-content\/uploads\/2024\/01\/s02-big.jpg","contentUrl":"https:\/\/www.meridiano-cero.com\/wp-content\/uploads\/2024\/01\/s02-big.jpg"},{"@type":"BreadcrumbList","@id":"https:\/\/www.meridiano-cero.com\/?page_id=868#breadcrumb","itemListElement":[{"@type":"ListItem","position":1,"name":"Accueil","item":"https:\/\/www.meridiano-cero.com\/"},{"@type":"ListItem","position":2,"name":"Sites de plong\u00e9es","item":"https:\/\/www.meridiano-cero.com\/?page_id=20"},{"@type":"ListItem","position":3,"name":"Site-02"}]},{"@type":"WebSite","@id":"https:\/\/www.meridiano-cero.com\/#website","url":"https:\/\/www.meridiano-cero.com\/","name":"meridiano-cero","description":"Take only pictures, leave only bubbles!","publisher":{"@id":"https:\/\/www.meridiano-cero.com\/#organization"},"potentialAction":[{"@type":"SearchAction","target":{"@type":"EntryPoint","urlTemplate":"https:\/\/www.meridiano-cero.com\/?s={search_term_string}"},"query-input":{"@type":"PropertyValueSpecification","valueRequired":true,"valueName":"search_term_string"}}],"inLanguage":"fr-FR"},{"@type":"Organization","@id":"https:\/\/www.meridiano-cero.com\/#organization","name":"MERIDIANO CERO","url":"https:\/\/www.meridiano-cero.com\/","logo":{"@type":"ImageObject","inLanguage":"fr-FR","@id":"https:\/\/www.meridiano-cero.com\/#\/schema\/logo\/image\/","url":"https:\/\/www.meridiano-cero.com\/wp-content\/uploads\/2024\/01\/M0-2-noir-pdf.jpg","contentUrl":"https:\/\/www.meridiano-cero.com\/wp-content\/uploads\/2024\/01\/M0-2-noir-pdf.jpg","width":640,"height":437,"caption":"MERIDIANO CERO"},"image":{"@id":"https:\/\/www.meridiano-cero.com\/#\/schema\/logo\/image\/"},"sameAs":["https:\/\/www.facebook.com\/meridianoceroclub\/","https:\/\/www.instagram.com\/meridiano0divingcenter\/"]}]}},"_links":{"self":[{"href":"https:\/\/www.meridiano-cero.com\/index.php?rest_route=\/wp\/v2\/pages\/868","targetHints":{"allow":["GET"]}}],"collection":[{"href":"https:\/\/www.meridiano-cero.com\/index.php?rest_route=\/wp\/v2\/pages"}],"about":[{"href":"https:\/\/www.meridiano-cero.com\/index.php?rest_route=\/wp\/v2\/types\/page"}],"author":[{"embeddable":true,"href":"https:\/\/www.meridiano-cero.com\/index.php?rest_route=\/wp\/v2\/users\/1"}],"replies":[{"embeddable":true,"href":"https:\/\/www.meridiano-cero.com\/index.php?rest_route=%2Fwp%2Fv2%2Fcomments&post=868"}],"version-history":[{"count":17,"href":"https:\/\/www.meridiano-cero.com\/index.php?rest_route=\/wp\/v2\/pages\/868\/revisions"}],"predecessor-version":[{"id":2130,"href":"https:\/\/www.meridiano-cero.com\/index.php?rest_route=\/wp\/v2\/pages\/868\/revisions\/2130"}],"up":[{"embeddable":true,"href":"https:\/\/www.meridiano-cero.com\/index.php?rest_route=\/wp\/v2\/pages\/20"}],"wp:attachment":[{"href":"https:\/\/www.meridiano-cero.com\/index.php?rest_route=%2Fwp%2Fv2%2Fmedia&parent=868"}],"curies":[{"name":"wp","href":"https:\/\/api.w.org\/{rel}","templated":true}]}}