{"id":2403,"date":"2024-05-24T17:43:31","date_gmt":"2024-05-24T15:43:31","guid":{"rendered":"https:\/\/www.meridiano-cero.com\/?page_id=2403"},"modified":"2025-01-29T12:11:14","modified_gmt":"2025-01-29T11:11:14","slug":"equipo","status":"publish","type":"page","link":"https:\/\/www.meridiano-cero.com\/?page_id=2403&lang=es","title":{"rendered":"El Equipo"},"content":{"rendered":"\t\t<div data-elementor-type=\"wp-page\" data-elementor-id=\"2403\" class=\"elementor elementor-2403\">\n\t\t\t\t\t\t<section class=\"elementor-section elementor-top-section elementor-element elementor-element-1a9ff5d elementor-section-boxed elementor-section-height-default elementor-section-height-default\" data-id=\"1a9ff5d\" data-element_type=\"section\" data-e-type=\"section\" data-settings=\"{&quot;background_background&quot;:&quot;classic&quot;}\">\n\t\t\t\t\t\t<div class=\"elementor-container elementor-column-gap-default\">\n\t\t\t\t\t<div class=\"elementor-column elementor-col-100 elementor-top-column elementor-element elementor-element-9beb122\" data-id=\"9beb122\" data-element_type=\"column\" data-e-type=\"column\">\n\t\t\t<div class=\"elementor-widget-wrap elementor-element-populated\">\n\t\t\t\t\t\t<div class=\"elementor-element elementor-element-8b4294d elementor-widget elementor-widget-heading\" data-id=\"8b4294d\" data-element_type=\"widget\" data-e-type=\"widget\" data-widget_type=\"heading.default\">\n\t\t\t\t<div class=\"elementor-widget-container\">\n\t\t\t\t\t<h3 class=\"elementor-heading-title elementor-size-default\">EL EQUIPO<\/h3>\t\t\t\t<\/div>\n\t\t\t\t<\/div>\n\t\t\t\t<div class=\"elementor-element elementor-element-bcf6a07 elementor-widget elementor-widget-heading\" data-id=\"bcf6a07\" data-element_type=\"widget\" data-e-type=\"widget\" data-widget_type=\"heading.default\">\n\t\t\t\t<div class=\"elementor-widget-container\">\n\t\t\t\t\t<h2 class=\"elementor-heading-title elementor-size-default\">LOS INSTRUCTORES<\/h2>\t\t\t\t<\/div>\n\t\t\t\t<\/div>\n\t\t\t\t\t<\/div>\n\t\t<\/div>\n\t\t\t\t\t<\/div>\n\t\t<\/section>\n\t\t\t\t<section class=\"elementor-section elementor-top-section elementor-element elementor-element-a92bc36 elementor-section-boxed elementor-section-height-default elementor-section-height-default\" data-id=\"a92bc36\" data-element_type=\"section\" data-e-type=\"section\">\n\t\t\t\t\t\t<div class=\"elementor-container elementor-column-gap-default\">\n\t\t\t\t\t<div class=\"elementor-column elementor-col-50 elementor-top-column elementor-element elementor-element-50863bd\" data-id=\"50863bd\" data-element_type=\"column\" data-e-type=\"column\">\n\t\t\t<div class=\"elementor-widget-wrap elementor-element-populated\">\n\t\t\t\t\t\t<div class=\"elementor-element elementor-element-bfb32b3 elementor-widget__width-initial elementor-widget elementor-widget-image\" data-id=\"bfb32b3\" data-element_type=\"widget\" data-e-type=\"widget\" data-widget_type=\"image.default\">\n\t\t\t\t<div class=\"elementor-widget-container\">\n\t\t\t\t\t\t\t\t\t\t\t\t\t\t\t\t<a href=\"https:\/\/www.meridiano-cero.com\/wp-content\/uploads\/2024\/01\/11.jpg\" data-elementor-open-lightbox=\"yes\" data-elementor-lightbox-title=\"11\" data-e-action-hash=\"#elementor-action%3Aaction%3Dlightbox%26settings%3DeyJpZCI6MTM4MywidXJsIjoiaHR0cHM6XC9cL3d3dy5tZXJpZGlhbm8tY2Vyby5jb21cL3dwLWNvbnRlbnRcL3VwbG9hZHNcLzIwMjRcLzAxXC8xMS5qcGcifQ%3D%3D\">\n\t\t\t\t\t\t\t<img decoding=\"async\" src=\"https:\/\/www.meridiano-cero.com\/wp-content\/uploads\/elementor\/thumbs\/11-qizd5l8sllg47mkcrcma9q4exrm4b4cmkwvj2c9kf4.jpg\" title=\"11\" alt=\"11\" loading=\"lazy\" \/>\t\t\t\t\t\t\t\t<\/a>\n\t\t\t\t\t\t\t\t\t\t\t\t\t\t\t<\/div>\n\t\t\t\t<\/div>\n\t\t\t\t\t<\/div>\n\t\t<\/div>\n\t\t\t\t<div class=\"elementor-column elementor-col-50 elementor-top-column elementor-element elementor-element-e147ca7\" data-id=\"e147ca7\" data-element_type=\"column\" data-e-type=\"column\">\n\t\t\t<div class=\"elementor-widget-wrap elementor-element-populated\">\n\t\t\t\t\t\t<div class=\"elementor-element elementor-element-7b816e6 elementor-widget__width-initial elementor-widget elementor-widget-image\" data-id=\"7b816e6\" data-element_type=\"widget\" data-e-type=\"widget\" data-widget_type=\"image.default\">\n\t\t\t\t<div class=\"elementor-widget-container\">\n\t\t\t\t\t\t\t\t\t\t\t\t\t\t\t\t<a href=\"https:\/\/www.meridiano-cero.com\/wp-content\/uploads\/2024\/01\/10.jpg\" data-elementor-open-lightbox=\"yes\" data-elementor-lightbox-title=\"10\" data-e-action-hash=\"#elementor-action%3Aaction%3Dlightbox%26settings%3DeyJpZCI6MTM4MiwidXJsIjoiaHR0cHM6XC9cL3d3dy5tZXJpZGlhbm8tY2Vyby5jb21cL3dwLWNvbnRlbnRcL3VwbG9hZHNcLzIwMjRcLzAxXC8xMC5qcGcifQ%3D%3D\">\n\t\t\t\t\t\t\t<img decoding=\"async\" src=\"https:\/\/www.meridiano-cero.com\/wp-content\/uploads\/elementor\/thumbs\/10-qizd0d92mqarpm5f93cwf1k84pcpjnmb72ef300azk.jpg\" title=\"10\" alt=\"10\" loading=\"lazy\" \/>\t\t\t\t\t\t\t\t<\/a>\n\t\t\t\t\t\t\t\t\t\t\t\t\t\t\t<\/div>\n\t\t\t\t<\/div>\n\t\t\t\t\t<\/div>\n\t\t<\/div>\n\t\t\t\t\t<\/div>\n\t\t<\/section>\n\t\t\t\t<section class=\"elementor-section elementor-top-section elementor-element elementor-element-0265cf4 elementor-section-boxed elementor-section-height-default elementor-section-height-default\" data-id=\"0265cf4\" data-element_type=\"section\" data-e-type=\"section\">\n\t\t\t\t\t\t<div class=\"elementor-container elementor-column-gap-default\">\n\t\t\t\t\t<div class=\"elementor-column elementor-col-50 elementor-top-column elementor-element elementor-element-24c0af0\" data-id=\"24c0af0\" data-element_type=\"column\" data-e-type=\"column\">\n\t\t\t<div class=\"elementor-widget-wrap elementor-element-populated\">\n\t\t\t\t\t\t<div class=\"elementor-element elementor-element-243129a elementor-widget elementor-widget-heading\" data-id=\"243129a\" data-element_type=\"widget\" data-e-type=\"widget\" data-widget_type=\"heading.default\">\n\t\t\t\t<div class=\"elementor-widget-container\">\n\t\t\t\t\t<h2 class=\"elementor-heading-title elementor-size-default\">Claude Lespagne <\/h2>\t\t\t\t<\/div>\n\t\t\t\t<\/div>\n\t\t\t\t<div class=\"elementor-element elementor-element-af71ddb elementor-widget elementor-widget-heading\" data-id=\"af71ddb\" data-element_type=\"widget\" data-e-type=\"widget\" data-widget_type=\"heading.default\">\n\t\t\t\t<div class=\"elementor-widget-container\">\n\t\t\t\t\t<h3 class=\"elementor-heading-title elementor-size-default\">Instructor, copropietario y fot\u00f3grafo submarino profesional<\/h3>\t\t\t\t<\/div>\n\t\t\t\t<\/div>\n\t\t\t\t<div class=\"elementor-element elementor-element-5b3492e elementor-widget__width-initial elementor-widget elementor-widget-heading\" data-id=\"5b3492e\" data-element_type=\"widget\" data-e-type=\"widget\" data-widget_type=\"heading.default\">\n\t\t\t\t<div class=\"elementor-widget-container\">\n\t\t\t\t\t<p class=\"elementor-heading-title elementor-size-default\">Claude es instructor CMAS y instructor PADI desde hace casi 20 a\u00f1os. Su pasi\u00f3n por la fotograf\u00eda submarina comenz\u00f3 hace 10 a\u00f1os. Cuando no est\u00e1 formando o supervisando buceadores, fotograf\u00eda el mundo submarino por placer, para ayudar al gran p\u00fablico a conocer su entorno. Publica sus fotos en revistas, libros y sitios web especializados bajo el logotipo de Claude Lespagne Photography. Su acento belga y su legendario sentido del humor hacen de \u00e9l un personaje pintoresco muy popular entre el p\u00fablico.<\/p>\t\t\t\t<\/div>\n\t\t\t\t<\/div>\n\t\t\t\t<div class=\"elementor-element elementor-element-5470ccc elementor-view-stacked elementor-position-inline-start elementor-shape-circle elementor-mobile-position-block-start elementor-widget elementor-widget-icon-box\" data-id=\"5470ccc\" data-element_type=\"widget\" data-e-type=\"widget\" data-widget_type=\"icon-box.default\">\n\t\t\t\t<div class=\"elementor-widget-container\">\n\t\t\t\t\t\t\t<div class=\"elementor-icon-box-wrapper\">\n\n\t\t\t\t\t\t<div class=\"elementor-icon-box-icon\">\n\t\t\t\t<a href=\"https:\/\/www.meridiano-cero.com\/?page_id=2439&#038;lang=es\" class=\"elementor-icon\" tabindex=\"-1\" aria-label=\"Ver : curso de fotograf\u00eda\">\n\t\t\t\t<svg aria-hidden=\"true\" class=\"e-font-icon-svg e-fas-water\" viewBox=\"0 0 576 512\" xmlns=\"http:\/\/www.w3.org\/2000\/svg\"><path d=\"M562.1 383.9c-21.5-2.4-42.1-10.5-57.9-22.9-14.1-11.1-34.2-11.3-48.2 0-37.9 30.4-107.2 30.4-145.7-1.5-13.5-11.2-33-9.1-46.7 1.8-38 30.1-106.9 30-145.2-1.7-13.5-11.2-33.3-8.9-47.1 2-15.5 12.2-36 20.1-57.7 22.4-7.9.8-13.6 7.8-13.6 15.7v32.2c0 9.1 7.6 16.8 16.7 16 28.8-2.5 56.1-11.4 79.4-25.9 56.5 34.6 137 34.1 192 0 56.5 34.6 137 34.1 192 0 23.3 14.2 50.9 23.3 79.1 25.8 9.1.8 16.7-6.9 16.7-16v-31.6c.1-8-5.7-15.4-13.8-16.3zm0-144c-21.5-2.4-42.1-10.5-57.9-22.9-14.1-11.1-34.2-11.3-48.2 0-37.9 30.4-107.2 30.4-145.7-1.5-13.5-11.2-33-9.1-46.7 1.8-38 30.1-106.9 30-145.2-1.7-13.5-11.2-33.3-8.9-47.1 2-15.5 12.2-36 20.1-57.7 22.4-7.9.8-13.6 7.8-13.6 15.7v32.2c0 9.1 7.6 16.8 16.7 16 28.8-2.5 56.1-11.4 79.4-25.9 56.5 34.6 137 34.1 192 0 56.5 34.6 137 34.1 192 0 23.3 14.2 50.9 23.3 79.1 25.8 9.1.8 16.7-6.9 16.7-16v-31.6c.1-8-5.7-15.4-13.8-16.3zm0-144C540.6 93.4 520 85.4 504.2 73 490.1 61.9 470 61.7 456 73c-37.9 30.4-107.2 30.4-145.7-1.5-13.5-11.2-33-9.1-46.7 1.8-38 30.1-106.9 30-145.2-1.7-13.5-11.2-33.3-8.9-47.1 2-15.5 12.2-36 20.1-57.7 22.4-7.9.8-13.6 7.8-13.6 15.7v32.2c0 9.1 7.6 16.8 16.7 16 28.8-2.5 56.1-11.4 79.4-25.9 56.5 34.6 137 34.1 192 0 56.5 34.6 137 34.1 192 0 23.3 14.2 50.9 23.3 79.1 25.8 9.1.8 16.7-6.9 16.7-16v-31.6c.1-8-5.7-15.4-13.8-16.3z\"><\/path><\/svg>\t\t\t\t<\/a>\n\t\t\t<\/div>\n\t\t\t\n\t\t\t\t\t\t<div class=\"elementor-icon-box-content\">\n\n\t\t\t\t\t\t\t\t\t<h3 class=\"elementor-icon-box-title\">\n\t\t\t\t\t\t<a href=\"https:\/\/www.meridiano-cero.com\/?page_id=2439&#038;lang=es\" >\n\t\t\t\t\t\t\tVer : curso de fotograf\u00eda\t\t\t\t\t\t<\/a>\n\t\t\t\t\t<\/h3>\n\t\t\t\t\n\t\t\t\t\n\t\t\t<\/div>\n\t\t\t\n\t\t<\/div>\n\t\t\t\t\t\t<\/div>\n\t\t\t\t<\/div>\n\t\t\t\t\t<\/div>\n\t\t<\/div>\n\t\t\t\t<div class=\"elementor-column elementor-col-50 elementor-top-column elementor-element elementor-element-b06e8f3\" data-id=\"b06e8f3\" data-element_type=\"column\" data-e-type=\"column\">\n\t\t\t<div class=\"elementor-widget-wrap elementor-element-populated\">\n\t\t\t\t\t\t<div class=\"elementor-element elementor-element-807b94f elementor-widget elementor-widget-heading\" data-id=\"807b94f\" data-element_type=\"widget\" data-e-type=\"widget\" data-widget_type=\"heading.default\">\n\t\t\t\t<div class=\"elementor-widget-container\">\n\t\t\t\t\t<h2 class=\"elementor-heading-title elementor-size-default\">C\u00e9line Cozic <\/h2>\t\t\t\t<\/div>\n\t\t\t\t<\/div>\n\t\t\t\t<div class=\"elementor-element elementor-element-b9d2521 elementor-widget elementor-widget-heading\" data-id=\"b9d2521\" data-element_type=\"widget\" data-e-type=\"widget\" data-widget_type=\"heading.default\">\n\t\t\t\t<div class=\"elementor-widget-container\">\n\t\t\t\t\t<h3 class=\"elementor-heading-title elementor-size-default\">INSTRUCTORA, copropietariA y vide\u00f3grafA aficionadA<\/h3>\t\t\t\t<\/div>\n\t\t\t\t<\/div>\n\t\t\t\t<div class=\"elementor-element elementor-element-bd6bed0 elementor-widget__width-initial elementor-widget elementor-widget-heading\" data-id=\"bd6bed0\" data-element_type=\"widget\" data-e-type=\"widget\" data-widget_type=\"heading.default\">\n\t\t\t\t<div class=\"elementor-widget-container\">\n\t\t\t\t\t<p class=\"elementor-heading-title elementor-size-default\">C\u00e9line es instructora CMAS y instructora SSI. Tras largos estudios de qu\u00edmica y 15 a\u00f1os como buceadora recreativa, decidi\u00f3 dejarlo todo y embarcarse en la aventura de convertirse en instructora de buceo, desencadenada por un encuentro con un apuesto instructor belga... en Egipto. La videograf\u00eda submarina es una afici\u00f3n que le surge de forma natural, con la idea de mostrar diferentes especies submarinas y su forma de vida (bajo el nombre de UniverCel). Adem\u00e1s, \u00bfqu\u00e9 mejor que ofrecer a los submarinistas recuerdos inolvidables de sus inmersiones o vacaciones acu\u00e1ticas?<\/p>\t\t\t\t<\/div>\n\t\t\t\t<\/div>\n\t\t\t\t<div class=\"elementor-element elementor-element-63221f2 elementor-view-stacked elementor-position-inline-start elementor-shape-circle elementor-mobile-position-block-start elementor-widget elementor-widget-icon-box\" data-id=\"63221f2\" data-element_type=\"widget\" data-e-type=\"widget\" data-widget_type=\"icon-box.default\">\n\t\t\t\t<div class=\"elementor-widget-container\">\n\t\t\t\t\t\t\t<div class=\"elementor-icon-box-wrapper\">\n\n\t\t\t\t\t\t<div class=\"elementor-icon-box-icon\">\n\t\t\t\t<a href=\"https:\/\/www.meridiano-cero.com\/?page_id=2439&#038;lang=es\" class=\"elementor-icon\" tabindex=\"-1\" aria-label=\"Ver : curso de v\u00eddeo\">\n\t\t\t\t<svg aria-hidden=\"true\" class=\"e-font-icon-svg e-fas-water\" viewBox=\"0 0 576 512\" xmlns=\"http:\/\/www.w3.org\/2000\/svg\"><path d=\"M562.1 383.9c-21.5-2.4-42.1-10.5-57.9-22.9-14.1-11.1-34.2-11.3-48.2 0-37.9 30.4-107.2 30.4-145.7-1.5-13.5-11.2-33-9.1-46.7 1.8-38 30.1-106.9 30-145.2-1.7-13.5-11.2-33.3-8.9-47.1 2-15.5 12.2-36 20.1-57.7 22.4-7.9.8-13.6 7.8-13.6 15.7v32.2c0 9.1 7.6 16.8 16.7 16 28.8-2.5 56.1-11.4 79.4-25.9 56.5 34.6 137 34.1 192 0 56.5 34.6 137 34.1 192 0 23.3 14.2 50.9 23.3 79.1 25.8 9.1.8 16.7-6.9 16.7-16v-31.6c.1-8-5.7-15.4-13.8-16.3zm0-144c-21.5-2.4-42.1-10.5-57.9-22.9-14.1-11.1-34.2-11.3-48.2 0-37.9 30.4-107.2 30.4-145.7-1.5-13.5-11.2-33-9.1-46.7 1.8-38 30.1-106.9 30-145.2-1.7-13.5-11.2-33.3-8.9-47.1 2-15.5 12.2-36 20.1-57.7 22.4-7.9.8-13.6 7.8-13.6 15.7v32.2c0 9.1 7.6 16.8 16.7 16 28.8-2.5 56.1-11.4 79.4-25.9 56.5 34.6 137 34.1 192 0 56.5 34.6 137 34.1 192 0 23.3 14.2 50.9 23.3 79.1 25.8 9.1.8 16.7-6.9 16.7-16v-31.6c.1-8-5.7-15.4-13.8-16.3zm0-144C540.6 93.4 520 85.4 504.2 73 490.1 61.9 470 61.7 456 73c-37.9 30.4-107.2 30.4-145.7-1.5-13.5-11.2-33-9.1-46.7 1.8-38 30.1-106.9 30-145.2-1.7-13.5-11.2-33.3-8.9-47.1 2-15.5 12.2-36 20.1-57.7 22.4-7.9.8-13.6 7.8-13.6 15.7v32.2c0 9.1 7.6 16.8 16.7 16 28.8-2.5 56.1-11.4 79.4-25.9 56.5 34.6 137 34.1 192 0 56.5 34.6 137 34.1 192 0 23.3 14.2 50.9 23.3 79.1 25.8 9.1.8 16.7-6.9 16.7-16v-31.6c.1-8-5.7-15.4-13.8-16.3z\"><\/path><\/svg>\t\t\t\t<\/a>\n\t\t\t<\/div>\n\t\t\t\n\t\t\t\t\t\t<div class=\"elementor-icon-box-content\">\n\n\t\t\t\t\t\t\t\t\t<h3 class=\"elementor-icon-box-title\">\n\t\t\t\t\t\t<a href=\"https:\/\/www.meridiano-cero.com\/?page_id=2439&#038;lang=es\" >\n\t\t\t\t\t\t\tVer : curso de v\u00eddeo\t\t\t\t\t\t<\/a>\n\t\t\t\t\t<\/h3>\n\t\t\t\t\n\t\t\t\t\n\t\t\t<\/div>\n\t\t\t\n\t\t<\/div>\n\t\t\t\t\t\t<\/div>\n\t\t\t\t<\/div>\n\t\t\t\t\t<\/div>\n\t\t<\/div>\n\t\t\t\t\t<\/div>\n\t\t<\/section>\n\t\t\t\t<\/div>\n\t\t","protected":false},"excerpt":{"rendered":"<p>EL EQUIPO LOS INSTRUCTORES Claude Lespagne Instructor, copropietario y fot\u00f3grafo submarino profesional Claude es instructor CMAS y instructor PADI desde hace casi 20 a\u00f1os. Su pasi\u00f3n por la fotograf\u00eda submarina comenz\u00f3 hace 10 a\u00f1os. Cuando no est\u00e1 formando o supervisando buceadores, fotograf\u00eda el mundo submarino por placer, para ayudar al gran p\u00fablico a conocer su [&hellip;]<\/p>\n","protected":false},"author":1,"featured_media":0,"parent":0,"menu_order":102,"comment_status":"closed","ping_status":"closed","template":"page-title.php","meta":{"footnotes":""},"class_list":["post-2403","page","type-page","status-publish","hentry"],"yoast_head":"<!-- This site is optimized with the Yoast SEO plugin v27.3 - https:\/\/yoast.com\/product\/yoast-seo-wordpress\/ -->\n<title>El Equipo - meridiano-cero<\/title>\n<meta name=\"description\" content=\"Claude es belga (MF1 e instructor PADI) y fot\u00f3grafo profesional. Celine es francesa (MF1 e instructora SSI) y vide\u00f3grafa aficionada. Esta pareja franco-belga se enamor\u00f3 de la peque\u00f1a isla canaria de EL HIERRO, con su entorno protegido del turismo de masas y la biodiversidad de su fauna submarina y de buceo.\" \/>\n<meta name=\"robots\" content=\"index, follow, max-snippet:-1, max-image-preview:large, max-video-preview:-1\" \/>\n<link rel=\"canonical\" href=\"https:\/\/www.meridiano-cero.com\/?page_id=2403&lang=es\" \/>\n<meta property=\"og:locale\" content=\"fr_FR\" \/>\n<meta property=\"og:type\" content=\"article\" \/>\n<meta property=\"og:title\" content=\"El Equipo - meridiano-cero\" \/>\n<meta property=\"og:description\" content=\"Claude es belga (MF1 e instructor PADI) y fot\u00f3grafo profesional. Celine es francesa (MF1 e instructora SSI) y vide\u00f3grafa aficionada. Esta pareja franco-belga se enamor\u00f3 de la peque\u00f1a isla canaria de EL HIERRO, con su entorno protegido del turismo de masas y la biodiversidad de su fauna submarina y de buceo.\" \/>\n<meta property=\"og:url\" content=\"https:\/\/www.meridiano-cero.com\/?page_id=2403&amp;lang=es\" \/>\n<meta property=\"og:site_name\" content=\"meridiano-cero\" \/>\n<meta property=\"article:publisher\" content=\"https:\/\/www.facebook.com\/meridianoceroclub\/\" \/>\n<meta property=\"article:modified_time\" content=\"2025-01-29T11:11:14+00:00\" \/>\n<meta property=\"og:image\" content=\"https:\/\/www.meridiano-cero.com\/wp-content\/uploads\/elementor\/thumbs\/11-qizd5l8sllg47mkcrcma9q4exrm4b4cmkwvj2c9kf4.jpg\" \/>\n<meta name=\"twitter:card\" content=\"summary_large_image\" \/>\n<meta name=\"twitter:label1\" content=\"Dur\u00e9e de lecture estim\u00e9e\" \/>\n\t<meta name=\"twitter:data1\" content=\"2 minutes\" \/>\n<script type=\"application\/ld+json\" class=\"yoast-schema-graph\">{\"@context\":\"https:\\\/\\\/schema.org\",\"@graph\":[{\"@type\":\"WebPage\",\"@id\":\"https:\\\/\\\/www.meridiano-cero.com\\\/?page_id=2403&lang=es\",\"url\":\"https:\\\/\\\/www.meridiano-cero.com\\\/?page_id=2403&lang=es\",\"name\":\"El Equipo - meridiano-cero\",\"isPartOf\":{\"@id\":\"https:\\\/\\\/www.meridiano-cero.com\\\/#website\"},\"primaryImageOfPage\":{\"@id\":\"https:\\\/\\\/www.meridiano-cero.com\\\/?page_id=2403&lang=es#primaryimage\"},\"image\":{\"@id\":\"https:\\\/\\\/www.meridiano-cero.com\\\/?page_id=2403&lang=es#primaryimage\"},\"thumbnailUrl\":\"https:\\\/\\\/www.meridiano-cero.com\\\/wp-content\\\/uploads\\\/elementor\\\/thumbs\\\/11-qizd5l8sllg47mkcrcma9q4exrm4b4cmkwvj2c9kf4.jpg\",\"datePublished\":\"2024-05-24T15:43:31+00:00\",\"dateModified\":\"2025-01-29T11:11:14+00:00\",\"description\":\"Claude es belga (MF1 e instructor PADI) y fot\u00f3grafo profesional. Celine es francesa (MF1 e instructora SSI) y vide\u00f3grafa aficionada. Esta pareja franco-belga se enamor\u00f3 de la peque\u00f1a isla canaria de EL HIERRO, con su entorno protegido del turismo de masas y la biodiversidad de su fauna submarina y de buceo.\",\"breadcrumb\":{\"@id\":\"https:\\\/\\\/www.meridiano-cero.com\\\/?page_id=2403&lang=es#breadcrumb\"},\"inLanguage\":\"fr-FR\",\"potentialAction\":[{\"@type\":\"ReadAction\",\"target\":[\"https:\\\/\\\/www.meridiano-cero.com\\\/?page_id=2403&lang=es\"]}]},{\"@type\":\"ImageObject\",\"inLanguage\":\"fr-FR\",\"@id\":\"https:\\\/\\\/www.meridiano-cero.com\\\/?page_id=2403&lang=es#primaryimage\",\"url\":\"https:\\\/\\\/www.meridiano-cero.com\\\/wp-content\\\/uploads\\\/elementor\\\/thumbs\\\/11-qizd5l8sllg47mkcrcma9q4exrm4b4cmkwvj2c9kf4.jpg\",\"contentUrl\":\"https:\\\/\\\/www.meridiano-cero.com\\\/wp-content\\\/uploads\\\/elementor\\\/thumbs\\\/11-qizd5l8sllg47mkcrcma9q4exrm4b4cmkwvj2c9kf4.jpg\"},{\"@type\":\"BreadcrumbList\",\"@id\":\"https:\\\/\\\/www.meridiano-cero.com\\\/?page_id=2403&lang=es#breadcrumb\",\"itemListElement\":[{\"@type\":\"ListItem\",\"position\":1,\"name\":\"Accueil\",\"item\":\"https:\\\/\\\/www.meridiano-cero.com\\\/\"},{\"@type\":\"ListItem\",\"position\":2,\"name\":\"El Equipo\"}]},{\"@type\":\"WebSite\",\"@id\":\"https:\\\/\\\/www.meridiano-cero.com\\\/#website\",\"url\":\"https:\\\/\\\/www.meridiano-cero.com\\\/\",\"name\":\"meridiano-cero\",\"description\":\"Take only pictures, leave only bubbles!\",\"publisher\":{\"@id\":\"https:\\\/\\\/www.meridiano-cero.com\\\/#organization\"},\"potentialAction\":[{\"@type\":\"SearchAction\",\"target\":{\"@type\":\"EntryPoint\",\"urlTemplate\":\"https:\\\/\\\/www.meridiano-cero.com\\\/?s={search_term_string}\"},\"query-input\":{\"@type\":\"PropertyValueSpecification\",\"valueRequired\":true,\"valueName\":\"search_term_string\"}}],\"inLanguage\":\"fr-FR\"},{\"@type\":\"Organization\",\"@id\":\"https:\\\/\\\/www.meridiano-cero.com\\\/#organization\",\"name\":\"MERIDIANO CERO\",\"url\":\"https:\\\/\\\/www.meridiano-cero.com\\\/\",\"logo\":{\"@type\":\"ImageObject\",\"inLanguage\":\"fr-FR\",\"@id\":\"https:\\\/\\\/www.meridiano-cero.com\\\/#\\\/schema\\\/logo\\\/image\\\/\",\"url\":\"https:\\\/\\\/www.meridiano-cero.com\\\/wp-content\\\/uploads\\\/2024\\\/01\\\/M0-2-noir-pdf.jpg\",\"contentUrl\":\"https:\\\/\\\/www.meridiano-cero.com\\\/wp-content\\\/uploads\\\/2024\\\/01\\\/M0-2-noir-pdf.jpg\",\"width\":640,\"height\":437,\"caption\":\"MERIDIANO CERO\"},\"image\":{\"@id\":\"https:\\\/\\\/www.meridiano-cero.com\\\/#\\\/schema\\\/logo\\\/image\\\/\"},\"sameAs\":[\"https:\\\/\\\/www.facebook.com\\\/meridianoceroclub\\\/\",\"https:\\\/\\\/www.instagram.com\\\/meridiano0divingcenter\\\/\"]}]}<\/script>\n<!-- \/ Yoast SEO plugin. -->","yoast_head_json":{"title":"El Equipo - meridiano-cero","description":"Claude es belga (MF1 e instructor PADI) y fot\u00f3grafo profesional. Celine es francesa (MF1 e instructora SSI) y vide\u00f3grafa aficionada. Esta pareja franco-belga se enamor\u00f3 de la peque\u00f1a isla canaria de EL HIERRO, con su entorno protegido del turismo de masas y la biodiversidad de su fauna submarina y de buceo.","robots":{"index":"index","follow":"follow","max-snippet":"max-snippet:-1","max-image-preview":"max-image-preview:large","max-video-preview":"max-video-preview:-1"},"canonical":"https:\/\/www.meridiano-cero.com\/?page_id=2403&lang=es","og_locale":"fr_FR","og_type":"article","og_title":"El Equipo - meridiano-cero","og_description":"Claude es belga (MF1 e instructor PADI) y fot\u00f3grafo profesional. Celine es francesa (MF1 e instructora SSI) y vide\u00f3grafa aficionada. Esta pareja franco-belga se enamor\u00f3 de la peque\u00f1a isla canaria de EL HIERRO, con su entorno protegido del turismo de masas y la biodiversidad de su fauna submarina y de buceo.","og_url":"https:\/\/www.meridiano-cero.com\/?page_id=2403&lang=es","og_site_name":"meridiano-cero","article_publisher":"https:\/\/www.facebook.com\/meridianoceroclub\/","article_modified_time":"2025-01-29T11:11:14+00:00","og_image":[{"url":"https:\/\/www.meridiano-cero.com\/wp-content\/uploads\/elementor\/thumbs\/11-qizd5l8sllg47mkcrcma9q4exrm4b4cmkwvj2c9kf4.jpg","type":"","width":"","height":""}],"twitter_card":"summary_large_image","twitter_misc":{"Dur\u00e9e de lecture estim\u00e9e":"2 minutes"},"schema":{"@context":"https:\/\/schema.org","@graph":[{"@type":"WebPage","@id":"https:\/\/www.meridiano-cero.com\/?page_id=2403&lang=es","url":"https:\/\/www.meridiano-cero.com\/?page_id=2403&lang=es","name":"El Equipo - meridiano-cero","isPartOf":{"@id":"https:\/\/www.meridiano-cero.com\/#website"},"primaryImageOfPage":{"@id":"https:\/\/www.meridiano-cero.com\/?page_id=2403&lang=es#primaryimage"},"image":{"@id":"https:\/\/www.meridiano-cero.com\/?page_id=2403&lang=es#primaryimage"},"thumbnailUrl":"https:\/\/www.meridiano-cero.com\/wp-content\/uploads\/elementor\/thumbs\/11-qizd5l8sllg47mkcrcma9q4exrm4b4cmkwvj2c9kf4.jpg","datePublished":"2024-05-24T15:43:31+00:00","dateModified":"2025-01-29T11:11:14+00:00","description":"Claude es belga (MF1 e instructor PADI) y fot\u00f3grafo profesional. Celine es francesa (MF1 e instructora SSI) y vide\u00f3grafa aficionada. Esta pareja franco-belga se enamor\u00f3 de la peque\u00f1a isla canaria de EL HIERRO, con su entorno protegido del turismo de masas y la biodiversidad de su fauna submarina y de buceo.","breadcrumb":{"@id":"https:\/\/www.meridiano-cero.com\/?page_id=2403&lang=es#breadcrumb"},"inLanguage":"fr-FR","potentialAction":[{"@type":"ReadAction","target":["https:\/\/www.meridiano-cero.com\/?page_id=2403&lang=es"]}]},{"@type":"ImageObject","inLanguage":"fr-FR","@id":"https:\/\/www.meridiano-cero.com\/?page_id=2403&lang=es#primaryimage","url":"https:\/\/www.meridiano-cero.com\/wp-content\/uploads\/elementor\/thumbs\/11-qizd5l8sllg47mkcrcma9q4exrm4b4cmkwvj2c9kf4.jpg","contentUrl":"https:\/\/www.meridiano-cero.com\/wp-content\/uploads\/elementor\/thumbs\/11-qizd5l8sllg47mkcrcma9q4exrm4b4cmkwvj2c9kf4.jpg"},{"@type":"BreadcrumbList","@id":"https:\/\/www.meridiano-cero.com\/?page_id=2403&lang=es#breadcrumb","itemListElement":[{"@type":"ListItem","position":1,"name":"Accueil","item":"https:\/\/www.meridiano-cero.com\/"},{"@type":"ListItem","position":2,"name":"El Equipo"}]},{"@type":"WebSite","@id":"https:\/\/www.meridiano-cero.com\/#website","url":"https:\/\/www.meridiano-cero.com\/","name":"meridiano-cero","description":"Take only pictures, leave only bubbles!","publisher":{"@id":"https:\/\/www.meridiano-cero.com\/#organization"},"potentialAction":[{"@type":"SearchAction","target":{"@type":"EntryPoint","urlTemplate":"https:\/\/www.meridiano-cero.com\/?s={search_term_string}"},"query-input":{"@type":"PropertyValueSpecification","valueRequired":true,"valueName":"search_term_string"}}],"inLanguage":"fr-FR"},{"@type":"Organization","@id":"https:\/\/www.meridiano-cero.com\/#organization","name":"MERIDIANO CERO","url":"https:\/\/www.meridiano-cero.com\/","logo":{"@type":"ImageObject","inLanguage":"fr-FR","@id":"https:\/\/www.meridiano-cero.com\/#\/schema\/logo\/image\/","url":"https:\/\/www.meridiano-cero.com\/wp-content\/uploads\/2024\/01\/M0-2-noir-pdf.jpg","contentUrl":"https:\/\/www.meridiano-cero.com\/wp-content\/uploads\/2024\/01\/M0-2-noir-pdf.jpg","width":640,"height":437,"caption":"MERIDIANO CERO"},"image":{"@id":"https:\/\/www.meridiano-cero.com\/#\/schema\/logo\/image\/"},"sameAs":["https:\/\/www.facebook.com\/meridianoceroclub\/","https:\/\/www.instagram.com\/meridiano0divingcenter\/"]}]}},"_links":{"self":[{"href":"https:\/\/www.meridiano-cero.com\/index.php?rest_route=\/wp\/v2\/pages\/2403","targetHints":{"allow":["GET"]}}],"collection":[{"href":"https:\/\/www.meridiano-cero.com\/index.php?rest_route=\/wp\/v2\/pages"}],"about":[{"href":"https:\/\/www.meridiano-cero.com\/index.php?rest_route=\/wp\/v2\/types\/page"}],"author":[{"embeddable":true,"href":"https:\/\/www.meridiano-cero.com\/index.php?rest_route=\/wp\/v2\/users\/1"}],"replies":[{"embeddable":true,"href":"https:\/\/www.meridiano-cero.com\/index.php?rest_route=%2Fwp%2Fv2%2Fcomments&post=2403"}],"version-history":[{"count":14,"href":"https:\/\/www.meridiano-cero.com\/index.php?rest_route=\/wp\/v2\/pages\/2403\/revisions"}],"predecessor-version":[{"id":2923,"href":"https:\/\/www.meridiano-cero.com\/index.php?rest_route=\/wp\/v2\/pages\/2403\/revisions\/2923"}],"wp:attachment":[{"href":"https:\/\/www.meridiano-cero.com\/index.php?rest_route=%2Fwp%2Fv2%2Fmedia&parent=2403"}],"curies":[{"name":"wp","href":"https:\/\/api.w.org\/{rel}","templated":true}]}}