{"id":1737,"date":"2024-01-29T03:00:29","date_gmt":"2024-01-29T02:00:29","guid":{"rendered":"https:\/\/www.meridiano-cero.com\/?page_id=1737"},"modified":"2024-05-25T09:33:15","modified_gmt":"2024-05-25T07:33:15","slug":"site-08","status":"publish","type":"page","link":"https:\/\/www.meridiano-cero.com\/?page_id=1737","title":{"rendered":"Site-08"},"content":{"rendered":"\t\t<div data-elementor-type=\"wp-page\" data-elementor-id=\"1737\" class=\"elementor elementor-1737\">\n\t\t\t\t\t\t<section class=\"elementor-section elementor-top-section elementor-element elementor-element-33ab1c88 elementor-section-boxed elementor-section-height-default elementor-section-height-default\" data-id=\"33ab1c88\" data-element_type=\"section\" data-e-type=\"section\">\n\t\t\t\t\t\t<div class=\"elementor-container elementor-column-gap-default\">\n\t\t\t\t\t<div class=\"elementor-column elementor-col-100 elementor-top-column elementor-element elementor-element-1ccd5bcb\" data-id=\"1ccd5bcb\" data-element_type=\"column\" data-e-type=\"column\">\n\t\t\t<div class=\"elementor-widget-wrap elementor-element-populated\">\n\t\t\t\t\t\t<div class=\"elementor-element elementor-element-2c77753c elementor-widget elementor-widget-heading\" data-id=\"2c77753c\" data-element_type=\"widget\" data-e-type=\"widget\" data-widget_type=\"heading.default\">\n\t\t\t\t<div class=\"elementor-widget-container\">\n\t\t\t\t\t<h3 class=\"elementor-heading-title elementor-size-default\">Barco Chino<\/h3>\t\t\t\t<\/div>\n\t\t\t\t<\/div>\n\t\t\t\t<div class=\"elementor-element elementor-element-3b879cf9 elementor-widget elementor-widget-heading\" data-id=\"3b879cf9\" data-element_type=\"widget\" data-e-type=\"widget\" data-widget_type=\"heading.default\">\n\t\t\t\t<div class=\"elementor-widget-container\">\n\t\t\t\t\t<p class=\"elementor-heading-title elementor-size-default\">Le plus int\u00e9ressant de cette plong\u00e9e est d'explorer les nombreuses cavit\u00e9s qui abritent la langouste Canarienne, le poisson porc-\u00e9pic...Dans une petite grotte \u00e0 5 m\u00e8tres de profondeur, nous pouvons observer du corail noir, et l'effet amusant de l'halocline due \u00e0 la remont\u00e9e d'eau douce dans la roche. Tout au long de l'ann\u00e9e, de nombreuses arches \u00e0 d\u00e9couvrir !<\/p>\t\t\t\t<\/div>\n\t\t\t\t<\/div>\n\t\t\t\t<div class=\"elementor-element elementor-element-4b56e710 elementor-widget elementor-widget-image-gallery\" data-id=\"4b56e710\" data-element_type=\"widget\" data-e-type=\"widget\" data-widget_type=\"image-gallery.default\">\n\t\t\t\t<div class=\"elementor-widget-container\">\n\t\t\t\t\t\t\t<div class=\"elementor-image-gallery\">\n\t\t\t<div id='gallery-1' class='gallery galleryid-1737 gallery-columns-2 gallery-size-full'><dl class='gallery-item'>\n\t\t\t<dt class='gallery-icon landscape'>\n\t\t\t\t<a data-elementor-open-lightbox=\"yes\" data-elementor-lightbox-slideshow=\"4b56e710\" data-elementor-lightbox-title=\"s08-big\" data-e-action-hash=\"#elementor-action%3Aaction%3Dlightbox%26settings%3DeyJpZCI6MTgwMiwidXJsIjoiaHR0cHM6XC9cL3d3dy5tZXJpZGlhbm8tY2Vyby5jb21cL3dwLWNvbnRlbnRcL3VwbG9hZHNcLzIwMjRcLzAxXC9zMDgtYmlnLmpwZyIsInNsaWRlc2hvdyI6IjRiNTZlNzEwIn0%3D\" href='https:\/\/www.meridiano-cero.com\/wp-content\/uploads\/2024\/01\/s08-big.jpg'><img fetchpriority=\"high\" decoding=\"async\" width=\"1200\" height=\"800\" src=\"https:\/\/www.meridiano-cero.com\/wp-content\/uploads\/2024\/01\/s08-big.jpg\" class=\"attachment-full size-full\" alt=\"\" srcset=\"https:\/\/www.meridiano-cero.com\/wp-content\/uploads\/2024\/01\/s08-big.jpg 1200w, https:\/\/www.meridiano-cero.com\/wp-content\/uploads\/2024\/01\/s08-big-300x200.jpg 300w, https:\/\/www.meridiano-cero.com\/wp-content\/uploads\/2024\/01\/s08-big-1024x683.jpg 1024w, https:\/\/www.meridiano-cero.com\/wp-content\/uploads\/2024\/01\/s08-big-768x512.jpg 768w\" sizes=\"(max-width: 1200px) 100vw, 1200px\" \/><\/a>\n\t\t\t<\/dt><\/dl><dl class='gallery-item'>\n\t\t\t<dt class='gallery-icon landscape'>\n\t\t\t\t<a data-elementor-open-lightbox=\"yes\" data-elementor-lightbox-slideshow=\"4b56e710\" data-elementor-lightbox-title=\"29\" data-e-action-hash=\"#elementor-action%3Aaction%3Dlightbox%26settings%3DeyJpZCI6MTg1MCwidXJsIjoiaHR0cHM6XC9cL3d3dy5tZXJpZGlhbm8tY2Vyby5jb21cL3dwLWNvbnRlbnRcL3VwbG9hZHNcLzIwMjRcLzAxXC8yOS5qcGciLCJzbGlkZXNob3ciOiI0YjU2ZTcxMCJ9\" href='https:\/\/www.meridiano-cero.com\/wp-content\/uploads\/2024\/01\/29.jpg'><img decoding=\"async\" width=\"1200\" height=\"800\" src=\"https:\/\/www.meridiano-cero.com\/wp-content\/uploads\/2024\/01\/29.jpg\" class=\"attachment-full size-full\" alt=\"\" srcset=\"https:\/\/www.meridiano-cero.com\/wp-content\/uploads\/2024\/01\/29.jpg 1200w, https:\/\/www.meridiano-cero.com\/wp-content\/uploads\/2024\/01\/29-300x200.jpg 300w, https:\/\/www.meridiano-cero.com\/wp-content\/uploads\/2024\/01\/29-1024x683.jpg 1024w, https:\/\/www.meridiano-cero.com\/wp-content\/uploads\/2024\/01\/29-768x512.jpg 768w\" sizes=\"(max-width: 1200px) 100vw, 1200px\" \/><\/a>\n\t\t\t<\/dt><\/dl><br style=\"clear: both\" \/>\n\t\t<\/div>\n\t\t<\/div>\n\t\t\t\t\t\t<\/div>\n\t\t\t\t<\/div>\n\t\t\t\t<div class=\"elementor-element elementor-element-39241eb3 elementor-widget elementor-widget-heading\" data-id=\"39241eb3\" data-element_type=\"widget\" data-e-type=\"widget\" data-widget_type=\"heading.default\">\n\t\t\t\t<div class=\"elementor-widget-container\">\n\t\t\t\t\t<p class=\"elementor-heading-title elementor-size-default\">Site de plong\u00e9e situ\u00e9 \u00e0 l'Est, hors de la r\u00e9serve.<\/p>\t\t\t\t<\/div>\n\t\t\t\t<\/div>\n\t\t\t\t<div class=\"elementor-element elementor-element-14efbea1 elementor-icon-list--layout-inline elementor-list-item-link-inline elementor-align-center elementor-widget elementor-widget-icon-list\" data-id=\"14efbea1\" data-element_type=\"widget\" data-e-type=\"widget\" data-widget_type=\"icon-list.default\">\n\t\t\t\t<div class=\"elementor-widget-container\">\n\t\t\t\t\t\t\t<ul class=\"elementor-icon-list-items elementor-inline-items\">\n\t\t\t\t\t\t\t<li class=\"elementor-icon-list-item elementor-inline-item\">\n\t\t\t\t\t\t\t\t\t\t\t<a href=\"https:\/\/www.meridiano-cero.com\/?page_id=20\">\n\n\t\t\t\t\t\t\t\t\t\t\t\t<span class=\"elementor-icon-list-icon\">\n\t\t\t\t\t\t\t<svg aria-hidden=\"true\" class=\"e-font-icon-svg e-fas-caret-square-left\" viewBox=\"0 0 448 512\" xmlns=\"http:\/\/www.w3.org\/2000\/svg\"><path d=\"M400 480H48c-26.51 0-48-21.49-48-48V80c0-26.51 21.49-48 48-48h352c26.51 0 48 21.49 48 48v352c0 26.51-21.49 48-48 48zM259.515 124.485l-123.03 123.03c-4.686 4.686-4.686 12.284 0 16.971l123.029 123.029c7.56 7.56 20.485 2.206 20.485-8.485V132.971c.001-10.691-12.925-16.045-20.484-8.486z\"><\/path><\/svg>\t\t\t\t\t\t<\/span>\n\t\t\t\t\t\t\t\t\t\t<span class=\"elementor-icon-list-text\">Revenir aux sites de plong\u00e9e<\/span>\n\t\t\t\t\t\t\t\t\t\t\t<\/a>\n\t\t\t\t\t\t\t\t\t<\/li>\n\t\t\t\t\t\t<\/ul>\n\t\t\t\t\t\t<\/div>\n\t\t\t\t<\/div>\n\t\t\t\t\t<\/div>\n\t\t<\/div>\n\t\t\t\t\t<\/div>\n\t\t<\/section>\n\t\t\t\t<\/div>\n\t\t","protected":false},"excerpt":{"rendered":"<p>Barco Chino Le plus int\u00e9ressant de cette plong\u00e9e est d&#8217;explorer les nombreuses cavit\u00e9s qui abritent la langouste Canarienne, le poisson porc-\u00e9pic&#8230;Dans une petite grotte \u00e0 5 m\u00e8tres de profondeur, nous pouvons observer du corail noir, et l&#8217;effet amusant de l&#8217;halocline due \u00e0 la remont\u00e9e d&#8217;eau douce dans la roche. Tout au long de l&#8217;ann\u00e9e, de [&hellip;]<\/p>\n","protected":false},"author":1,"featured_media":0,"parent":20,"menu_order":14,"comment_status":"closed","ping_status":"closed","template":"page-title.php","meta":{"footnotes":""},"class_list":["post-1737","page","type-page","status-publish","hentry"],"yoast_head":"<!-- This site is optimized with the Yoast SEO plugin v27.3 - https:\/\/yoast.com\/product\/yoast-seo-wordpress\/ -->\n<title>Site-08 - meridiano-cero<\/title>\n<meta name=\"robots\" content=\"index, follow, max-snippet:-1, max-image-preview:large, max-video-preview:-1\" \/>\n<link rel=\"canonical\" href=\"https:\/\/www.meridiano-cero.com\/?page_id=1737\" \/>\n<meta property=\"og:locale\" content=\"fr_FR\" \/>\n<meta property=\"og:type\" content=\"article\" \/>\n<meta property=\"og:title\" content=\"Site-08 - meridiano-cero\" \/>\n<meta property=\"og:description\" content=\"Barco Chino Le plus int\u00e9ressant de cette plong\u00e9e est d&#8217;explorer les nombreuses cavit\u00e9s qui abritent la langouste Canarienne, le poisson porc-\u00e9pic&#8230;Dans une petite grotte \u00e0 5 m\u00e8tres de profondeur, nous pouvons observer du corail noir, et l&#8217;effet amusant de l&#8217;halocline due \u00e0 la remont\u00e9e d&#8217;eau douce dans la roche. Tout au long de l&#8217;ann\u00e9e, de [&hellip;]\" \/>\n<meta property=\"og:url\" content=\"https:\/\/www.meridiano-cero.com\/?page_id=1737\" \/>\n<meta property=\"og:site_name\" content=\"meridiano-cero\" \/>\n<meta property=\"article:publisher\" content=\"https:\/\/www.facebook.com\/meridianoceroclub\/\" \/>\n<meta property=\"article:modified_time\" content=\"2024-05-25T07:33:15+00:00\" \/>\n<meta property=\"og:image\" content=\"https:\/\/www.meridiano-cero.com\/wp-content\/uploads\/2024\/01\/s08-big.jpg\" \/>\n<meta name=\"twitter:card\" content=\"summary_large_image\" \/>\n<script type=\"application\/ld+json\" class=\"yoast-schema-graph\">{\"@context\":\"https:\\\/\\\/schema.org\",\"@graph\":[{\"@type\":\"WebPage\",\"@id\":\"https:\\\/\\\/www.meridiano-cero.com\\\/?page_id=1737\",\"url\":\"https:\\\/\\\/www.meridiano-cero.com\\\/?page_id=1737\",\"name\":\"Site-08 - meridiano-cero\",\"isPartOf\":{\"@id\":\"https:\\\/\\\/www.meridiano-cero.com\\\/#website\"},\"primaryImageOfPage\":{\"@id\":\"https:\\\/\\\/www.meridiano-cero.com\\\/?page_id=1737#primaryimage\"},\"image\":{\"@id\":\"https:\\\/\\\/www.meridiano-cero.com\\\/?page_id=1737#primaryimage\"},\"thumbnailUrl\":\"https:\\\/\\\/www.meridiano-cero.com\\\/wp-content\\\/uploads\\\/2024\\\/01\\\/s08-big.jpg\",\"datePublished\":\"2024-01-29T02:00:29+00:00\",\"dateModified\":\"2024-05-25T07:33:15+00:00\",\"breadcrumb\":{\"@id\":\"https:\\\/\\\/www.meridiano-cero.com\\\/?page_id=1737#breadcrumb\"},\"inLanguage\":\"fr-FR\",\"potentialAction\":[{\"@type\":\"ReadAction\",\"target\":[\"https:\\\/\\\/www.meridiano-cero.com\\\/?page_id=1737\"]}]},{\"@type\":\"ImageObject\",\"inLanguage\":\"fr-FR\",\"@id\":\"https:\\\/\\\/www.meridiano-cero.com\\\/?page_id=1737#primaryimage\",\"url\":\"https:\\\/\\\/www.meridiano-cero.com\\\/wp-content\\\/uploads\\\/2024\\\/01\\\/s08-big.jpg\",\"contentUrl\":\"https:\\\/\\\/www.meridiano-cero.com\\\/wp-content\\\/uploads\\\/2024\\\/01\\\/s08-big.jpg\"},{\"@type\":\"BreadcrumbList\",\"@id\":\"https:\\\/\\\/www.meridiano-cero.com\\\/?page_id=1737#breadcrumb\",\"itemListElement\":[{\"@type\":\"ListItem\",\"position\":1,\"name\":\"Accueil\",\"item\":\"https:\\\/\\\/www.meridiano-cero.com\\\/\"},{\"@type\":\"ListItem\",\"position\":2,\"name\":\"Sites de plong\u00e9es\",\"item\":\"https:\\\/\\\/www.meridiano-cero.com\\\/?page_id=20\"},{\"@type\":\"ListItem\",\"position\":3,\"name\":\"Site-08\"}]},{\"@type\":\"WebSite\",\"@id\":\"https:\\\/\\\/www.meridiano-cero.com\\\/#website\",\"url\":\"https:\\\/\\\/www.meridiano-cero.com\\\/\",\"name\":\"meridiano-cero\",\"description\":\"Take only pictures, leave only bubbles!\",\"publisher\":{\"@id\":\"https:\\\/\\\/www.meridiano-cero.com\\\/#organization\"},\"potentialAction\":[{\"@type\":\"SearchAction\",\"target\":{\"@type\":\"EntryPoint\",\"urlTemplate\":\"https:\\\/\\\/www.meridiano-cero.com\\\/?s={search_term_string}\"},\"query-input\":{\"@type\":\"PropertyValueSpecification\",\"valueRequired\":true,\"valueName\":\"search_term_string\"}}],\"inLanguage\":\"fr-FR\"},{\"@type\":\"Organization\",\"@id\":\"https:\\\/\\\/www.meridiano-cero.com\\\/#organization\",\"name\":\"MERIDIANO CERO\",\"url\":\"https:\\\/\\\/www.meridiano-cero.com\\\/\",\"logo\":{\"@type\":\"ImageObject\",\"inLanguage\":\"fr-FR\",\"@id\":\"https:\\\/\\\/www.meridiano-cero.com\\\/#\\\/schema\\\/logo\\\/image\\\/\",\"url\":\"https:\\\/\\\/www.meridiano-cero.com\\\/wp-content\\\/uploads\\\/2024\\\/01\\\/M0-2-noir-pdf.jpg\",\"contentUrl\":\"https:\\\/\\\/www.meridiano-cero.com\\\/wp-content\\\/uploads\\\/2024\\\/01\\\/M0-2-noir-pdf.jpg\",\"width\":640,\"height\":437,\"caption\":\"MERIDIANO CERO\"},\"image\":{\"@id\":\"https:\\\/\\\/www.meridiano-cero.com\\\/#\\\/schema\\\/logo\\\/image\\\/\"},\"sameAs\":[\"https:\\\/\\\/www.facebook.com\\\/meridianoceroclub\\\/\",\"https:\\\/\\\/www.instagram.com\\\/meridiano0divingcenter\\\/\"]}]}<\/script>\n<!-- \/ Yoast SEO plugin. -->","yoast_head_json":{"title":"Site-08 - meridiano-cero","robots":{"index":"index","follow":"follow","max-snippet":"max-snippet:-1","max-image-preview":"max-image-preview:large","max-video-preview":"max-video-preview:-1"},"canonical":"https:\/\/www.meridiano-cero.com\/?page_id=1737","og_locale":"fr_FR","og_type":"article","og_title":"Site-08 - meridiano-cero","og_description":"Barco Chino Le plus int\u00e9ressant de cette plong\u00e9e est d&#8217;explorer les nombreuses cavit\u00e9s qui abritent la langouste Canarienne, le poisson porc-\u00e9pic&#8230;Dans une petite grotte \u00e0 5 m\u00e8tres de profondeur, nous pouvons observer du corail noir, et l&#8217;effet amusant de l&#8217;halocline due \u00e0 la remont\u00e9e d&#8217;eau douce dans la roche. Tout au long de l&#8217;ann\u00e9e, de [&hellip;]","og_url":"https:\/\/www.meridiano-cero.com\/?page_id=1737","og_site_name":"meridiano-cero","article_publisher":"https:\/\/www.facebook.com\/meridianoceroclub\/","article_modified_time":"2024-05-25T07:33:15+00:00","og_image":[{"url":"https:\/\/www.meridiano-cero.com\/wp-content\/uploads\/2024\/01\/s08-big.jpg","type":"","width":"","height":""}],"twitter_card":"summary_large_image","schema":{"@context":"https:\/\/schema.org","@graph":[{"@type":"WebPage","@id":"https:\/\/www.meridiano-cero.com\/?page_id=1737","url":"https:\/\/www.meridiano-cero.com\/?page_id=1737","name":"Site-08 - meridiano-cero","isPartOf":{"@id":"https:\/\/www.meridiano-cero.com\/#website"},"primaryImageOfPage":{"@id":"https:\/\/www.meridiano-cero.com\/?page_id=1737#primaryimage"},"image":{"@id":"https:\/\/www.meridiano-cero.com\/?page_id=1737#primaryimage"},"thumbnailUrl":"https:\/\/www.meridiano-cero.com\/wp-content\/uploads\/2024\/01\/s08-big.jpg","datePublished":"2024-01-29T02:00:29+00:00","dateModified":"2024-05-25T07:33:15+00:00","breadcrumb":{"@id":"https:\/\/www.meridiano-cero.com\/?page_id=1737#breadcrumb"},"inLanguage":"fr-FR","potentialAction":[{"@type":"ReadAction","target":["https:\/\/www.meridiano-cero.com\/?page_id=1737"]}]},{"@type":"ImageObject","inLanguage":"fr-FR","@id":"https:\/\/www.meridiano-cero.com\/?page_id=1737#primaryimage","url":"https:\/\/www.meridiano-cero.com\/wp-content\/uploads\/2024\/01\/s08-big.jpg","contentUrl":"https:\/\/www.meridiano-cero.com\/wp-content\/uploads\/2024\/01\/s08-big.jpg"},{"@type":"BreadcrumbList","@id":"https:\/\/www.meridiano-cero.com\/?page_id=1737#breadcrumb","itemListElement":[{"@type":"ListItem","position":1,"name":"Accueil","item":"https:\/\/www.meridiano-cero.com\/"},{"@type":"ListItem","position":2,"name":"Sites de plong\u00e9es","item":"https:\/\/www.meridiano-cero.com\/?page_id=20"},{"@type":"ListItem","position":3,"name":"Site-08"}]},{"@type":"WebSite","@id":"https:\/\/www.meridiano-cero.com\/#website","url":"https:\/\/www.meridiano-cero.com\/","name":"meridiano-cero","description":"Take only pictures, leave only bubbles!","publisher":{"@id":"https:\/\/www.meridiano-cero.com\/#organization"},"potentialAction":[{"@type":"SearchAction","target":{"@type":"EntryPoint","urlTemplate":"https:\/\/www.meridiano-cero.com\/?s={search_term_string}"},"query-input":{"@type":"PropertyValueSpecification","valueRequired":true,"valueName":"search_term_string"}}],"inLanguage":"fr-FR"},{"@type":"Organization","@id":"https:\/\/www.meridiano-cero.com\/#organization","name":"MERIDIANO CERO","url":"https:\/\/www.meridiano-cero.com\/","logo":{"@type":"ImageObject","inLanguage":"fr-FR","@id":"https:\/\/www.meridiano-cero.com\/#\/schema\/logo\/image\/","url":"https:\/\/www.meridiano-cero.com\/wp-content\/uploads\/2024\/01\/M0-2-noir-pdf.jpg","contentUrl":"https:\/\/www.meridiano-cero.com\/wp-content\/uploads\/2024\/01\/M0-2-noir-pdf.jpg","width":640,"height":437,"caption":"MERIDIANO CERO"},"image":{"@id":"https:\/\/www.meridiano-cero.com\/#\/schema\/logo\/image\/"},"sameAs":["https:\/\/www.facebook.com\/meridianoceroclub\/","https:\/\/www.instagram.com\/meridiano0divingcenter\/"]}]}},"_links":{"self":[{"href":"https:\/\/www.meridiano-cero.com\/index.php?rest_route=\/wp\/v2\/pages\/1737","targetHints":{"allow":["GET"]}}],"collection":[{"href":"https:\/\/www.meridiano-cero.com\/index.php?rest_route=\/wp\/v2\/pages"}],"about":[{"href":"https:\/\/www.meridiano-cero.com\/index.php?rest_route=\/wp\/v2\/types\/page"}],"author":[{"embeddable":true,"href":"https:\/\/www.meridiano-cero.com\/index.php?rest_route=\/wp\/v2\/users\/1"}],"replies":[{"embeddable":true,"href":"https:\/\/www.meridiano-cero.com\/index.php?rest_route=%2Fwp%2Fv2%2Fcomments&post=1737"}],"version-history":[{"count":10,"href":"https:\/\/www.meridiano-cero.com\/index.php?rest_route=\/wp\/v2\/pages\/1737\/revisions"}],"predecessor-version":[{"id":2145,"href":"https:\/\/www.meridiano-cero.com\/index.php?rest_route=\/wp\/v2\/pages\/1737\/revisions\/2145"}],"up":[{"embeddable":true,"href":"https:\/\/www.meridiano-cero.com\/index.php?rest_route=\/wp\/v2\/pages\/20"}],"wp:attachment":[{"href":"https:\/\/www.meridiano-cero.com\/index.php?rest_route=%2Fwp%2Fv2%2Fmedia&parent=1737"}],"curies":[{"name":"wp","href":"https:\/\/api.w.org\/{rel}","templated":true}]}}