{"id":1701,"date":"2024-01-29T02:51:18","date_gmt":"2024-01-29T01:51:18","guid":{"rendered":"https:\/\/www.meridiano-cero.com\/?page_id=1701"},"modified":"2024-05-25T09:32:44","modified_gmt":"2024-05-25T07:32:44","slug":"site-04","status":"publish","type":"page","link":"https:\/\/www.meridiano-cero.com\/?page_id=1701","title":{"rendered":"Site-04"},"content":{"rendered":"\t\t<div data-elementor-type=\"wp-page\" data-elementor-id=\"1701\" class=\"elementor elementor-1701\">\n\t\t\t\t\t\t<section class=\"elementor-section elementor-top-section elementor-element elementor-element-13d4cf61 elementor-section-boxed elementor-section-height-default elementor-section-height-default\" data-id=\"13d4cf61\" data-element_type=\"section\" data-e-type=\"section\">\n\t\t\t\t\t\t<div class=\"elementor-container elementor-column-gap-default\">\n\t\t\t\t\t<div class=\"elementor-column elementor-col-100 elementor-top-column elementor-element elementor-element-7ab6ec47\" data-id=\"7ab6ec47\" data-element_type=\"column\" data-e-type=\"column\">\n\t\t\t<div class=\"elementor-widget-wrap elementor-element-populated\">\n\t\t\t\t\t\t<div class=\"elementor-element elementor-element-32c2dba3 elementor-widget elementor-widget-heading\" data-id=\"32c2dba3\" data-element_type=\"widget\" data-e-type=\"widget\" data-widget_type=\"heading.default\">\n\t\t\t\t<div class=\"elementor-widget-container\">\n\t\t\t\t\t<h3 class=\"elementor-heading-title elementor-size-default\">Roque Tacor\u00f3n<\/h3>\t\t\t\t<\/div>\n\t\t\t\t<\/div>\n\t\t\t\t<div class=\"elementor-element elementor-element-c375c99 elementor-widget elementor-widget-heading\" data-id=\"c375c99\" data-element_type=\"widget\" data-e-type=\"widget\" data-widget_type=\"heading.default\">\n\t\t\t\t<div class=\"elementor-widget-container\">\n\t\t\t\t\t<p class=\"elementor-heading-title elementor-size-default\">Plong\u00e9e tranquille et divertissante pour tous les niveaux, situ\u00e9e \u00e0 c\u00f4t\u00e9 de la piscine naturelle de Tacor\u00f3n. Dans la zone des 20 m\u00e8tres, anguilles jardini\u00e8res, \u00e9toiles de mer, raies pastenagues, m\u00e9rous de petite tailles....En se dirigeant vers la piscine naturelle, nous d\u00e9couvrons la vo\u00fbte d'entr\u00e9e qui se situe \u00e0 7 m\u00e8tres. Les petites grottes form\u00e9es dans la falaise font de cette endroit un lieu id\u00e9al pour y chercher le poisson porc-\u00e9pic. Cette zone est \u00e0 l'abri des vents et des courants, vous \u00eates comme dans un aquarium !<\/p>\t\t\t\t<\/div>\n\t\t\t\t<\/div>\n\t\t\t\t<div class=\"elementor-element elementor-element-5a74c74 elementor-widget elementor-widget-image-gallery\" data-id=\"5a74c74\" data-element_type=\"widget\" data-e-type=\"widget\" data-widget_type=\"image-gallery.default\">\n\t\t\t\t<div class=\"elementor-widget-container\">\n\t\t\t\t\t\t\t<div class=\"elementor-image-gallery\">\n\t\t\t<div id='gallery-1' class='gallery galleryid-1701 gallery-columns-2 gallery-size-full'><dl class='gallery-item'>\n\t\t\t<dt class='gallery-icon landscape'>\n\t\t\t\t<a data-elementor-open-lightbox=\"yes\" data-elementor-lightbox-slideshow=\"5a74c74\" data-elementor-lightbox-title=\"s04-big\" data-e-action-hash=\"#elementor-action%3Aaction%3Dlightbox%26settings%3DeyJpZCI6MTc5OCwidXJsIjoiaHR0cHM6XC9cL3d3dy5tZXJpZGlhbm8tY2Vyby5jb21cL3dwLWNvbnRlbnRcL3VwbG9hZHNcLzIwMjRcLzAxXC9zMDQtYmlnLmpwZyIsInNsaWRlc2hvdyI6IjVhNzRjNzQifQ%3D%3D\" href='https:\/\/www.meridiano-cero.com\/wp-content\/uploads\/2024\/01\/s04-big.jpg'><img fetchpriority=\"high\" decoding=\"async\" width=\"1200\" height=\"800\" src=\"https:\/\/www.meridiano-cero.com\/wp-content\/uploads\/2024\/01\/s04-big.jpg\" class=\"attachment-full size-full\" alt=\"\" srcset=\"https:\/\/www.meridiano-cero.com\/wp-content\/uploads\/2024\/01\/s04-big.jpg 1200w, https:\/\/www.meridiano-cero.com\/wp-content\/uploads\/2024\/01\/s04-big-300x200.jpg 300w, https:\/\/www.meridiano-cero.com\/wp-content\/uploads\/2024\/01\/s04-big-1024x683.jpg 1024w, https:\/\/www.meridiano-cero.com\/wp-content\/uploads\/2024\/01\/s04-big-768x512.jpg 768w\" sizes=\"(max-width: 1200px) 100vw, 1200px\" \/><\/a>\n\t\t\t<\/dt><\/dl><dl class='gallery-item'>\n\t\t\t<dt class='gallery-icon landscape'>\n\t\t\t\t<a data-elementor-open-lightbox=\"yes\" data-elementor-lightbox-slideshow=\"5a74c74\" data-elementor-lightbox-title=\"25\" data-e-action-hash=\"#elementor-action%3Aaction%3Dlightbox%26settings%3DeyJpZCI6MTgxMywidXJsIjoiaHR0cHM6XC9cL3d3dy5tZXJpZGlhbm8tY2Vyby5jb21cL3dwLWNvbnRlbnRcL3VwbG9hZHNcLzIwMjRcLzAxXC8yNS5qcGciLCJzbGlkZXNob3ciOiI1YTc0Yzc0In0%3D\" href='https:\/\/www.meridiano-cero.com\/wp-content\/uploads\/2024\/01\/25.jpg'><img decoding=\"async\" width=\"1200\" height=\"800\" src=\"https:\/\/www.meridiano-cero.com\/wp-content\/uploads\/2024\/01\/25.jpg\" class=\"attachment-full size-full\" alt=\"\" srcset=\"https:\/\/www.meridiano-cero.com\/wp-content\/uploads\/2024\/01\/25.jpg 1200w, https:\/\/www.meridiano-cero.com\/wp-content\/uploads\/2024\/01\/25-300x200.jpg 300w, https:\/\/www.meridiano-cero.com\/wp-content\/uploads\/2024\/01\/25-1024x683.jpg 1024w, https:\/\/www.meridiano-cero.com\/wp-content\/uploads\/2024\/01\/25-768x512.jpg 768w\" sizes=\"(max-width: 1200px) 100vw, 1200px\" \/><\/a>\n\t\t\t<\/dt><\/dl><br style=\"clear: both\" \/>\n\t\t<\/div>\n\t\t<\/div>\n\t\t\t\t\t\t<\/div>\n\t\t\t\t<\/div>\n\t\t\t\t<div class=\"elementor-element elementor-element-65f8b905 elementor-widget elementor-widget-heading\" data-id=\"65f8b905\" data-element_type=\"widget\" data-e-type=\"widget\" data-widget_type=\"heading.default\">\n\t\t\t\t<div class=\"elementor-widget-container\">\n\t\t\t\t\t<p class=\"elementor-heading-title elementor-size-default\">Site de plong\u00e9e situ\u00e9 dans la R\u00e9serve Marine \"Int\u00e9rieure\".<\/p>\t\t\t\t<\/div>\n\t\t\t\t<\/div>\n\t\t\t\t<div class=\"elementor-element elementor-element-4a8c0185 elementor-icon-list--layout-inline elementor-list-item-link-inline elementor-align-center elementor-widget elementor-widget-icon-list\" data-id=\"4a8c0185\" data-element_type=\"widget\" data-e-type=\"widget\" data-widget_type=\"icon-list.default\">\n\t\t\t\t<div class=\"elementor-widget-container\">\n\t\t\t\t\t\t\t<ul class=\"elementor-icon-list-items elementor-inline-items\">\n\t\t\t\t\t\t\t<li class=\"elementor-icon-list-item elementor-inline-item\">\n\t\t\t\t\t\t\t\t\t\t\t<a href=\"https:\/\/www.meridiano-cero.com\/?page_id=20\">\n\n\t\t\t\t\t\t\t\t\t\t\t\t<span class=\"elementor-icon-list-icon\">\n\t\t\t\t\t\t\t<svg aria-hidden=\"true\" class=\"e-font-icon-svg e-fas-caret-square-left\" viewBox=\"0 0 448 512\" xmlns=\"http:\/\/www.w3.org\/2000\/svg\"><path d=\"M400 480H48c-26.51 0-48-21.49-48-48V80c0-26.51 21.49-48 48-48h352c26.51 0 48 21.49 48 48v352c0 26.51-21.49 48-48 48zM259.515 124.485l-123.03 123.03c-4.686 4.686-4.686 12.284 0 16.971l123.029 123.029c7.56 7.56 20.485 2.206 20.485-8.485V132.971c.001-10.691-12.925-16.045-20.484-8.486z\"><\/path><\/svg>\t\t\t\t\t\t<\/span>\n\t\t\t\t\t\t\t\t\t\t<span class=\"elementor-icon-list-text\">Revenir aux sites de plong\u00e9e<\/span>\n\t\t\t\t\t\t\t\t\t\t\t<\/a>\n\t\t\t\t\t\t\t\t\t<\/li>\n\t\t\t\t\t\t<\/ul>\n\t\t\t\t\t\t<\/div>\n\t\t\t\t<\/div>\n\t\t\t\t\t<\/div>\n\t\t<\/div>\n\t\t\t\t\t<\/div>\n\t\t<\/section>\n\t\t\t\t<\/div>\n\t\t","protected":false},"excerpt":{"rendered":"<p>Roque Tacor\u00f3n Plong\u00e9e tranquille et divertissante pour tous les niveaux, situ\u00e9e \u00e0 c\u00f4t\u00e9 de la piscine naturelle de Tacor\u00f3n. Dans la zone des 20 m\u00e8tres, anguilles jardini\u00e8res, \u00e9toiles de mer, raies pastenagues, m\u00e9rous de petite tailles&#8230;.En se dirigeant vers la piscine naturelle, nous d\u00e9couvrons la vo\u00fbte d&#8217;entr\u00e9e qui se situe \u00e0 7 m\u00e8tres. Les petites [&hellip;]<\/p>\n","protected":false},"author":1,"featured_media":0,"parent":20,"menu_order":10,"comment_status":"closed","ping_status":"closed","template":"page-title.php","meta":{"footnotes":""},"class_list":["post-1701","page","type-page","status-publish","hentry"],"yoast_head":"<!-- This site is optimized with the Yoast SEO plugin v27.3 - https:\/\/yoast.com\/product\/yoast-seo-wordpress\/ -->\n<title>Site-04 - meridiano-cero<\/title>\n<meta name=\"robots\" content=\"index, follow, max-snippet:-1, max-image-preview:large, max-video-preview:-1\" \/>\n<link rel=\"canonical\" href=\"https:\/\/www.meridiano-cero.com\/?page_id=1701\" \/>\n<meta property=\"og:locale\" content=\"fr_FR\" \/>\n<meta property=\"og:type\" content=\"article\" \/>\n<meta property=\"og:title\" content=\"Site-04 - meridiano-cero\" \/>\n<meta property=\"og:description\" content=\"Roque Tacor\u00f3n Plong\u00e9e tranquille et divertissante pour tous les niveaux, situ\u00e9e \u00e0 c\u00f4t\u00e9 de la piscine naturelle de Tacor\u00f3n. Dans la zone des 20 m\u00e8tres, anguilles jardini\u00e8res, \u00e9toiles de mer, raies pastenagues, m\u00e9rous de petite tailles&#8230;.En se dirigeant vers la piscine naturelle, nous d\u00e9couvrons la vo\u00fbte d&#8217;entr\u00e9e qui se situe \u00e0 7 m\u00e8tres. Les petites [&hellip;]\" \/>\n<meta property=\"og:url\" content=\"https:\/\/www.meridiano-cero.com\/?page_id=1701\" \/>\n<meta property=\"og:site_name\" content=\"meridiano-cero\" \/>\n<meta property=\"article:publisher\" content=\"https:\/\/www.facebook.com\/meridianoceroclub\/\" \/>\n<meta property=\"article:modified_time\" content=\"2024-05-25T07:32:44+00:00\" \/>\n<meta property=\"og:image\" content=\"https:\/\/www.meridiano-cero.com\/wp-content\/uploads\/2024\/01\/s04-big.jpg\" \/>\n<meta name=\"twitter:card\" content=\"summary_large_image\" \/>\n<meta name=\"twitter:label1\" content=\"Dur\u00e9e de lecture estim\u00e9e\" \/>\n\t<meta name=\"twitter:data1\" content=\"1 minute\" \/>\n<script type=\"application\/ld+json\" class=\"yoast-schema-graph\">{\"@context\":\"https:\\\/\\\/schema.org\",\"@graph\":[{\"@type\":\"WebPage\",\"@id\":\"https:\\\/\\\/www.meridiano-cero.com\\\/?page_id=1701\",\"url\":\"https:\\\/\\\/www.meridiano-cero.com\\\/?page_id=1701\",\"name\":\"Site-04 - meridiano-cero\",\"isPartOf\":{\"@id\":\"https:\\\/\\\/www.meridiano-cero.com\\\/#website\"},\"primaryImageOfPage\":{\"@id\":\"https:\\\/\\\/www.meridiano-cero.com\\\/?page_id=1701#primaryimage\"},\"image\":{\"@id\":\"https:\\\/\\\/www.meridiano-cero.com\\\/?page_id=1701#primaryimage\"},\"thumbnailUrl\":\"https:\\\/\\\/www.meridiano-cero.com\\\/wp-content\\\/uploads\\\/2024\\\/01\\\/s04-big.jpg\",\"datePublished\":\"2024-01-29T01:51:18+00:00\",\"dateModified\":\"2024-05-25T07:32:44+00:00\",\"breadcrumb\":{\"@id\":\"https:\\\/\\\/www.meridiano-cero.com\\\/?page_id=1701#breadcrumb\"},\"inLanguage\":\"fr-FR\",\"potentialAction\":[{\"@type\":\"ReadAction\",\"target\":[\"https:\\\/\\\/www.meridiano-cero.com\\\/?page_id=1701\"]}]},{\"@type\":\"ImageObject\",\"inLanguage\":\"fr-FR\",\"@id\":\"https:\\\/\\\/www.meridiano-cero.com\\\/?page_id=1701#primaryimage\",\"url\":\"https:\\\/\\\/www.meridiano-cero.com\\\/wp-content\\\/uploads\\\/2024\\\/01\\\/s04-big.jpg\",\"contentUrl\":\"https:\\\/\\\/www.meridiano-cero.com\\\/wp-content\\\/uploads\\\/2024\\\/01\\\/s04-big.jpg\"},{\"@type\":\"BreadcrumbList\",\"@id\":\"https:\\\/\\\/www.meridiano-cero.com\\\/?page_id=1701#breadcrumb\",\"itemListElement\":[{\"@type\":\"ListItem\",\"position\":1,\"name\":\"Accueil\",\"item\":\"https:\\\/\\\/www.meridiano-cero.com\\\/\"},{\"@type\":\"ListItem\",\"position\":2,\"name\":\"Sites de plong\u00e9es\",\"item\":\"https:\\\/\\\/www.meridiano-cero.com\\\/?page_id=20\"},{\"@type\":\"ListItem\",\"position\":3,\"name\":\"Site-04\"}]},{\"@type\":\"WebSite\",\"@id\":\"https:\\\/\\\/www.meridiano-cero.com\\\/#website\",\"url\":\"https:\\\/\\\/www.meridiano-cero.com\\\/\",\"name\":\"meridiano-cero\",\"description\":\"Take only pictures, leave only bubbles!\",\"publisher\":{\"@id\":\"https:\\\/\\\/www.meridiano-cero.com\\\/#organization\"},\"potentialAction\":[{\"@type\":\"SearchAction\",\"target\":{\"@type\":\"EntryPoint\",\"urlTemplate\":\"https:\\\/\\\/www.meridiano-cero.com\\\/?s={search_term_string}\"},\"query-input\":{\"@type\":\"PropertyValueSpecification\",\"valueRequired\":true,\"valueName\":\"search_term_string\"}}],\"inLanguage\":\"fr-FR\"},{\"@type\":\"Organization\",\"@id\":\"https:\\\/\\\/www.meridiano-cero.com\\\/#organization\",\"name\":\"MERIDIANO CERO\",\"url\":\"https:\\\/\\\/www.meridiano-cero.com\\\/\",\"logo\":{\"@type\":\"ImageObject\",\"inLanguage\":\"fr-FR\",\"@id\":\"https:\\\/\\\/www.meridiano-cero.com\\\/#\\\/schema\\\/logo\\\/image\\\/\",\"url\":\"https:\\\/\\\/www.meridiano-cero.com\\\/wp-content\\\/uploads\\\/2024\\\/01\\\/M0-2-noir-pdf.jpg\",\"contentUrl\":\"https:\\\/\\\/www.meridiano-cero.com\\\/wp-content\\\/uploads\\\/2024\\\/01\\\/M0-2-noir-pdf.jpg\",\"width\":640,\"height\":437,\"caption\":\"MERIDIANO CERO\"},\"image\":{\"@id\":\"https:\\\/\\\/www.meridiano-cero.com\\\/#\\\/schema\\\/logo\\\/image\\\/\"},\"sameAs\":[\"https:\\\/\\\/www.facebook.com\\\/meridianoceroclub\\\/\",\"https:\\\/\\\/www.instagram.com\\\/meridiano0divingcenter\\\/\"]}]}<\/script>\n<!-- \/ Yoast SEO plugin. -->","yoast_head_json":{"title":"Site-04 - meridiano-cero","robots":{"index":"index","follow":"follow","max-snippet":"max-snippet:-1","max-image-preview":"max-image-preview:large","max-video-preview":"max-video-preview:-1"},"canonical":"https:\/\/www.meridiano-cero.com\/?page_id=1701","og_locale":"fr_FR","og_type":"article","og_title":"Site-04 - meridiano-cero","og_description":"Roque Tacor\u00f3n Plong\u00e9e tranquille et divertissante pour tous les niveaux, situ\u00e9e \u00e0 c\u00f4t\u00e9 de la piscine naturelle de Tacor\u00f3n. Dans la zone des 20 m\u00e8tres, anguilles jardini\u00e8res, \u00e9toiles de mer, raies pastenagues, m\u00e9rous de petite tailles&#8230;.En se dirigeant vers la piscine naturelle, nous d\u00e9couvrons la vo\u00fbte d&#8217;entr\u00e9e qui se situe \u00e0 7 m\u00e8tres. Les petites [&hellip;]","og_url":"https:\/\/www.meridiano-cero.com\/?page_id=1701","og_site_name":"meridiano-cero","article_publisher":"https:\/\/www.facebook.com\/meridianoceroclub\/","article_modified_time":"2024-05-25T07:32:44+00:00","og_image":[{"url":"https:\/\/www.meridiano-cero.com\/wp-content\/uploads\/2024\/01\/s04-big.jpg","type":"","width":"","height":""}],"twitter_card":"summary_large_image","twitter_misc":{"Dur\u00e9e de lecture estim\u00e9e":"1 minute"},"schema":{"@context":"https:\/\/schema.org","@graph":[{"@type":"WebPage","@id":"https:\/\/www.meridiano-cero.com\/?page_id=1701","url":"https:\/\/www.meridiano-cero.com\/?page_id=1701","name":"Site-04 - meridiano-cero","isPartOf":{"@id":"https:\/\/www.meridiano-cero.com\/#website"},"primaryImageOfPage":{"@id":"https:\/\/www.meridiano-cero.com\/?page_id=1701#primaryimage"},"image":{"@id":"https:\/\/www.meridiano-cero.com\/?page_id=1701#primaryimage"},"thumbnailUrl":"https:\/\/www.meridiano-cero.com\/wp-content\/uploads\/2024\/01\/s04-big.jpg","datePublished":"2024-01-29T01:51:18+00:00","dateModified":"2024-05-25T07:32:44+00:00","breadcrumb":{"@id":"https:\/\/www.meridiano-cero.com\/?page_id=1701#breadcrumb"},"inLanguage":"fr-FR","potentialAction":[{"@type":"ReadAction","target":["https:\/\/www.meridiano-cero.com\/?page_id=1701"]}]},{"@type":"ImageObject","inLanguage":"fr-FR","@id":"https:\/\/www.meridiano-cero.com\/?page_id=1701#primaryimage","url":"https:\/\/www.meridiano-cero.com\/wp-content\/uploads\/2024\/01\/s04-big.jpg","contentUrl":"https:\/\/www.meridiano-cero.com\/wp-content\/uploads\/2024\/01\/s04-big.jpg"},{"@type":"BreadcrumbList","@id":"https:\/\/www.meridiano-cero.com\/?page_id=1701#breadcrumb","itemListElement":[{"@type":"ListItem","position":1,"name":"Accueil","item":"https:\/\/www.meridiano-cero.com\/"},{"@type":"ListItem","position":2,"name":"Sites de plong\u00e9es","item":"https:\/\/www.meridiano-cero.com\/?page_id=20"},{"@type":"ListItem","position":3,"name":"Site-04"}]},{"@type":"WebSite","@id":"https:\/\/www.meridiano-cero.com\/#website","url":"https:\/\/www.meridiano-cero.com\/","name":"meridiano-cero","description":"Take only pictures, leave only bubbles!","publisher":{"@id":"https:\/\/www.meridiano-cero.com\/#organization"},"potentialAction":[{"@type":"SearchAction","target":{"@type":"EntryPoint","urlTemplate":"https:\/\/www.meridiano-cero.com\/?s={search_term_string}"},"query-input":{"@type":"PropertyValueSpecification","valueRequired":true,"valueName":"search_term_string"}}],"inLanguage":"fr-FR"},{"@type":"Organization","@id":"https:\/\/www.meridiano-cero.com\/#organization","name":"MERIDIANO CERO","url":"https:\/\/www.meridiano-cero.com\/","logo":{"@type":"ImageObject","inLanguage":"fr-FR","@id":"https:\/\/www.meridiano-cero.com\/#\/schema\/logo\/image\/","url":"https:\/\/www.meridiano-cero.com\/wp-content\/uploads\/2024\/01\/M0-2-noir-pdf.jpg","contentUrl":"https:\/\/www.meridiano-cero.com\/wp-content\/uploads\/2024\/01\/M0-2-noir-pdf.jpg","width":640,"height":437,"caption":"MERIDIANO CERO"},"image":{"@id":"https:\/\/www.meridiano-cero.com\/#\/schema\/logo\/image\/"},"sameAs":["https:\/\/www.facebook.com\/meridianoceroclub\/","https:\/\/www.instagram.com\/meridiano0divingcenter\/"]}]}},"_links":{"self":[{"href":"https:\/\/www.meridiano-cero.com\/index.php?rest_route=\/wp\/v2\/pages\/1701","targetHints":{"allow":["GET"]}}],"collection":[{"href":"https:\/\/www.meridiano-cero.com\/index.php?rest_route=\/wp\/v2\/pages"}],"about":[{"href":"https:\/\/www.meridiano-cero.com\/index.php?rest_route=\/wp\/v2\/types\/page"}],"author":[{"embeddable":true,"href":"https:\/\/www.meridiano-cero.com\/index.php?rest_route=\/wp\/v2\/users\/1"}],"replies":[{"embeddable":true,"href":"https:\/\/www.meridiano-cero.com\/index.php?rest_route=%2Fwp%2Fv2%2Fcomments&post=1701"}],"version-history":[{"count":16,"href":"https:\/\/www.meridiano-cero.com\/index.php?rest_route=\/wp\/v2\/pages\/1701\/revisions"}],"predecessor-version":[{"id":2133,"href":"https:\/\/www.meridiano-cero.com\/index.php?rest_route=\/wp\/v2\/pages\/1701\/revisions\/2133"}],"up":[{"embeddable":true,"href":"https:\/\/www.meridiano-cero.com\/index.php?rest_route=\/wp\/v2\/pages\/20"}],"wp:attachment":[{"href":"https:\/\/www.meridiano-cero.com\/index.php?rest_route=%2Fwp%2Fv2%2Fmedia&parent=1701"}],"curies":[{"name":"wp","href":"https:\/\/api.w.org\/{rel}","templated":true}]}}