{"id":1683,"date":"2024-01-29T02:38:21","date_gmt":"2024-01-29T01:38:21","guid":{"rendered":"https:\/\/www.meridiano-cero.com\/?page_id=1683"},"modified":"2024-05-25T09:32:35","modified_gmt":"2024-05-25T07:32:35","slug":"site-03","status":"publish","type":"page","link":"https:\/\/www.meridiano-cero.com\/?page_id=1683","title":{"rendered":"Site-03"},"content":{"rendered":"\t\t<div data-elementor-type=\"wp-page\" data-elementor-id=\"1683\" class=\"elementor elementor-1683\">\n\t\t\t\t\t\t<section class=\"elementor-section elementor-top-section elementor-element elementor-element-44fa8a95 elementor-section-boxed elementor-section-height-default elementor-section-height-default\" data-id=\"44fa8a95\" data-element_type=\"section\" data-e-type=\"section\">\n\t\t\t\t\t\t<div class=\"elementor-container elementor-column-gap-default\">\n\t\t\t\t\t<div class=\"elementor-column elementor-col-100 elementor-top-column elementor-element elementor-element-b6c9c1a\" data-id=\"b6c9c1a\" data-element_type=\"column\" data-e-type=\"column\">\n\t\t\t<div class=\"elementor-widget-wrap elementor-element-populated\">\n\t\t\t\t\t\t<div class=\"elementor-element elementor-element-1775c660 elementor-widget elementor-widget-heading\" data-id=\"1775c660\" data-element_type=\"widget\" data-e-type=\"widget\" data-widget_type=\"heading.default\">\n\t\t\t\t<div class=\"elementor-widget-container\">\n\t\t\t\t\t<h3 class=\"elementor-heading-title elementor-size-default\">El Desierto<\/h3>\t\t\t\t<\/div>\n\t\t\t\t<\/div>\n\t\t\t\t<div class=\"elementor-element elementor-element-6853bdd4 elementor-widget elementor-widget-heading\" data-id=\"6853bdd4\" data-element_type=\"widget\" data-e-type=\"widget\" data-widget_type=\"heading.default\">\n\t\t\t\t<div class=\"elementor-widget-container\">\n\t\t\t\t\t<p class=\"elementor-heading-title elementor-size-default\">Derni\u00e8re bou\u00e9e de la r\u00e9serve marine, la plong\u00e9e commence pr\u00e8s de la rive par un fond rocheux qui glisse vers un plateau de sable empli d'anguilles jardini\u00e8res, la plus grand d'Europe (11km !).&nbsp; Ce jardin de sable noir est le lieu id\u00e9al des raies pastenagues , des poissons rasoirs, les congres des sables et des soles. Ce lieu est \u00e9galement un lieu de passage de pr\u00e9dilection des raies mobulas et des requins marteaux! On remonte ensuite sur un plateau rocheux pr\u00e9sentant des arches et des petites fissures, territoires de balistes bleus et de m\u00e9rous bruns curieux.<\/p>\t\t\t\t<\/div>\n\t\t\t\t<\/div>\n\t\t\t\t<div class=\"elementor-element elementor-element-46a35872 elementor-widget elementor-widget-image-gallery\" data-id=\"46a35872\" data-element_type=\"widget\" data-e-type=\"widget\" data-widget_type=\"image-gallery.default\">\n\t\t\t\t<div class=\"elementor-widget-container\">\n\t\t\t\t\t\t\t<div class=\"elementor-image-gallery\">\n\t\t\t<div id='gallery-1' class='gallery galleryid-1683 gallery-columns-2 gallery-size-full'><dl class='gallery-item'>\n\t\t\t<dt class='gallery-icon landscape'>\n\t\t\t\t<a data-elementor-open-lightbox=\"yes\" data-elementor-lightbox-slideshow=\"46a35872\" data-elementor-lightbox-title=\"s03-big\" data-e-action-hash=\"#elementor-action%3Aaction%3Dlightbox%26settings%3DeyJpZCI6MTc5NywidXJsIjoiaHR0cHM6XC9cL3d3dy5tZXJpZGlhbm8tY2Vyby5jb21cL3dwLWNvbnRlbnRcL3VwbG9hZHNcLzIwMjRcLzAxXC9zMDMtYmlnLmpwZyIsInNsaWRlc2hvdyI6IjQ2YTM1ODcyIn0%3D\" href='https:\/\/www.meridiano-cero.com\/wp-content\/uploads\/2024\/01\/s03-big.jpg'><img fetchpriority=\"high\" decoding=\"async\" width=\"1200\" height=\"800\" src=\"https:\/\/www.meridiano-cero.com\/wp-content\/uploads\/2024\/01\/s03-big.jpg\" class=\"attachment-full size-full\" alt=\"\" srcset=\"https:\/\/www.meridiano-cero.com\/wp-content\/uploads\/2024\/01\/s03-big.jpg 1200w, https:\/\/www.meridiano-cero.com\/wp-content\/uploads\/2024\/01\/s03-big-300x200.jpg 300w, https:\/\/www.meridiano-cero.com\/wp-content\/uploads\/2024\/01\/s03-big-1024x683.jpg 1024w, https:\/\/www.meridiano-cero.com\/wp-content\/uploads\/2024\/01\/s03-big-768x512.jpg 768w\" sizes=\"(max-width: 1200px) 100vw, 1200px\" \/><\/a>\n\t\t\t<\/dt><\/dl><dl class='gallery-item'>\n\t\t\t<dt class='gallery-icon landscape'>\n\t\t\t\t<a data-elementor-open-lightbox=\"yes\" data-elementor-lightbox-slideshow=\"46a35872\" data-elementor-lightbox-title=\"24\" data-e-action-hash=\"#elementor-action%3Aaction%3Dlightbox%26settings%3DeyJpZCI6MTgwNSwidXJsIjoiaHR0cHM6XC9cL3d3dy5tZXJpZGlhbm8tY2Vyby5jb21cL3dwLWNvbnRlbnRcL3VwbG9hZHNcLzIwMjRcLzAxXC8yNC5qcGciLCJzbGlkZXNob3ciOiI0NmEzNTg3MiJ9\" href='https:\/\/www.meridiano-cero.com\/wp-content\/uploads\/2024\/01\/24.jpg'><img decoding=\"async\" width=\"1200\" height=\"800\" src=\"https:\/\/www.meridiano-cero.com\/wp-content\/uploads\/2024\/01\/24.jpg\" class=\"attachment-full size-full\" alt=\"\" srcset=\"https:\/\/www.meridiano-cero.com\/wp-content\/uploads\/2024\/01\/24.jpg 1200w, https:\/\/www.meridiano-cero.com\/wp-content\/uploads\/2024\/01\/24-300x200.jpg 300w, https:\/\/www.meridiano-cero.com\/wp-content\/uploads\/2024\/01\/24-1024x683.jpg 1024w, https:\/\/www.meridiano-cero.com\/wp-content\/uploads\/2024\/01\/24-768x512.jpg 768w\" sizes=\"(max-width: 1200px) 100vw, 1200px\" \/><\/a>\n\t\t\t<\/dt><\/dl><br style=\"clear: both\" \/>\n\t\t<\/div>\n\t\t<\/div>\n\t\t\t\t\t\t<\/div>\n\t\t\t\t<\/div>\n\t\t\t\t<div class=\"elementor-element elementor-element-7cf1fea3 elementor-widget elementor-widget-heading\" data-id=\"7cf1fea3\" data-element_type=\"widget\" data-e-type=\"widget\" data-widget_type=\"heading.default\">\n\t\t\t\t<div class=\"elementor-widget-container\">\n\t\t\t\t\t<p class=\"elementor-heading-title elementor-size-default\">Site de plong\u00e9e situ\u00e9 dans la R\u00e9serve Marine \"int\u00e9rieure\".<\/p>\t\t\t\t<\/div>\n\t\t\t\t<\/div>\n\t\t\t\t<div class=\"elementor-element elementor-element-46a8f4de elementor-icon-list--layout-inline elementor-list-item-link-inline elementor-align-center elementor-widget elementor-widget-icon-list\" data-id=\"46a8f4de\" data-element_type=\"widget\" data-e-type=\"widget\" data-widget_type=\"icon-list.default\">\n\t\t\t\t<div class=\"elementor-widget-container\">\n\t\t\t\t\t\t\t<ul class=\"elementor-icon-list-items elementor-inline-items\">\n\t\t\t\t\t\t\t<li class=\"elementor-icon-list-item elementor-inline-item\">\n\t\t\t\t\t\t\t\t\t\t\t<a href=\"https:\/\/www.meridiano-cero.com\/?page_id=20\">\n\n\t\t\t\t\t\t\t\t\t\t\t\t<span class=\"elementor-icon-list-icon\">\n\t\t\t\t\t\t\t<svg aria-hidden=\"true\" class=\"e-font-icon-svg e-fas-caret-square-left\" viewBox=\"0 0 448 512\" xmlns=\"http:\/\/www.w3.org\/2000\/svg\"><path d=\"M400 480H48c-26.51 0-48-21.49-48-48V80c0-26.51 21.49-48 48-48h352c26.51 0 48 21.49 48 48v352c0 26.51-21.49 48-48 48zM259.515 124.485l-123.03 123.03c-4.686 4.686-4.686 12.284 0 16.971l123.029 123.029c7.56 7.56 20.485 2.206 20.485-8.485V132.971c.001-10.691-12.925-16.045-20.484-8.486z\"><\/path><\/svg>\t\t\t\t\t\t<\/span>\n\t\t\t\t\t\t\t\t\t\t<span class=\"elementor-icon-list-text\">Revenir aux sites de plong\u00e9e<\/span>\n\t\t\t\t\t\t\t\t\t\t\t<\/a>\n\t\t\t\t\t\t\t\t\t<\/li>\n\t\t\t\t\t\t<\/ul>\n\t\t\t\t\t\t<\/div>\n\t\t\t\t<\/div>\n\t\t\t\t\t<\/div>\n\t\t<\/div>\n\t\t\t\t\t<\/div>\n\t\t<\/section>\n\t\t\t\t<\/div>\n\t\t","protected":false},"excerpt":{"rendered":"<p>El Desierto Derni\u00e8re bou\u00e9e de la r\u00e9serve marine, la plong\u00e9e commence pr\u00e8s de la rive par un fond rocheux qui glisse vers un plateau de sable empli d&#8217;anguilles jardini\u00e8res, la plus grand d&#8217;Europe (11km !).&nbsp; Ce jardin de sable noir est le lieu id\u00e9al des raies pastenagues , des poissons rasoirs, les congres des sables [&hellip;]<\/p>\n","protected":false},"author":1,"featured_media":0,"parent":20,"menu_order":9,"comment_status":"closed","ping_status":"closed","template":"page-title.php","meta":{"footnotes":""},"class_list":["post-1683","page","type-page","status-publish","hentry"],"yoast_head":"<!-- This site is optimized with the Yoast SEO plugin v27.3 - https:\/\/yoast.com\/product\/yoast-seo-wordpress\/ -->\n<title>Site-03 - meridiano-cero<\/title>\n<meta name=\"robots\" content=\"index, follow, max-snippet:-1, max-image-preview:large, max-video-preview:-1\" \/>\n<link rel=\"canonical\" href=\"https:\/\/www.meridiano-cero.com\/?page_id=1683\" \/>\n<meta property=\"og:locale\" content=\"fr_FR\" \/>\n<meta property=\"og:type\" content=\"article\" \/>\n<meta property=\"og:title\" content=\"Site-03 - meridiano-cero\" \/>\n<meta property=\"og:description\" content=\"El Desierto Derni\u00e8re bou\u00e9e de la r\u00e9serve marine, la plong\u00e9e commence pr\u00e8s de la rive par un fond rocheux qui glisse vers un plateau de sable empli d&#8217;anguilles jardini\u00e8res, la plus grand d&#8217;Europe (11km !).&nbsp; Ce jardin de sable noir est le lieu id\u00e9al des raies pastenagues , des poissons rasoirs, les congres des sables [&hellip;]\" \/>\n<meta property=\"og:url\" content=\"https:\/\/www.meridiano-cero.com\/?page_id=1683\" \/>\n<meta property=\"og:site_name\" content=\"meridiano-cero\" \/>\n<meta property=\"article:publisher\" content=\"https:\/\/www.facebook.com\/meridianoceroclub\/\" \/>\n<meta property=\"article:modified_time\" content=\"2024-05-25T07:32:35+00:00\" \/>\n<meta property=\"og:image\" content=\"https:\/\/www.meridiano-cero.com\/wp-content\/uploads\/2024\/01\/s03-big.jpg\" \/>\n<meta name=\"twitter:card\" content=\"summary_large_image\" \/>\n<meta name=\"twitter:label1\" content=\"Dur\u00e9e de lecture estim\u00e9e\" \/>\n\t<meta name=\"twitter:data1\" content=\"1 minute\" \/>\n<script type=\"application\/ld+json\" class=\"yoast-schema-graph\">{\"@context\":\"https:\\\/\\\/schema.org\",\"@graph\":[{\"@type\":\"WebPage\",\"@id\":\"https:\\\/\\\/www.meridiano-cero.com\\\/?page_id=1683\",\"url\":\"https:\\\/\\\/www.meridiano-cero.com\\\/?page_id=1683\",\"name\":\"Site-03 - meridiano-cero\",\"isPartOf\":{\"@id\":\"https:\\\/\\\/www.meridiano-cero.com\\\/#website\"},\"primaryImageOfPage\":{\"@id\":\"https:\\\/\\\/www.meridiano-cero.com\\\/?page_id=1683#primaryimage\"},\"image\":{\"@id\":\"https:\\\/\\\/www.meridiano-cero.com\\\/?page_id=1683#primaryimage\"},\"thumbnailUrl\":\"https:\\\/\\\/www.meridiano-cero.com\\\/wp-content\\\/uploads\\\/2024\\\/01\\\/s03-big.jpg\",\"datePublished\":\"2024-01-29T01:38:21+00:00\",\"dateModified\":\"2024-05-25T07:32:35+00:00\",\"breadcrumb\":{\"@id\":\"https:\\\/\\\/www.meridiano-cero.com\\\/?page_id=1683#breadcrumb\"},\"inLanguage\":\"fr-FR\",\"potentialAction\":[{\"@type\":\"ReadAction\",\"target\":[\"https:\\\/\\\/www.meridiano-cero.com\\\/?page_id=1683\"]}]},{\"@type\":\"ImageObject\",\"inLanguage\":\"fr-FR\",\"@id\":\"https:\\\/\\\/www.meridiano-cero.com\\\/?page_id=1683#primaryimage\",\"url\":\"https:\\\/\\\/www.meridiano-cero.com\\\/wp-content\\\/uploads\\\/2024\\\/01\\\/s03-big.jpg\",\"contentUrl\":\"https:\\\/\\\/www.meridiano-cero.com\\\/wp-content\\\/uploads\\\/2024\\\/01\\\/s03-big.jpg\"},{\"@type\":\"BreadcrumbList\",\"@id\":\"https:\\\/\\\/www.meridiano-cero.com\\\/?page_id=1683#breadcrumb\",\"itemListElement\":[{\"@type\":\"ListItem\",\"position\":1,\"name\":\"Accueil\",\"item\":\"https:\\\/\\\/www.meridiano-cero.com\\\/\"},{\"@type\":\"ListItem\",\"position\":2,\"name\":\"Sites de plong\u00e9es\",\"item\":\"https:\\\/\\\/www.meridiano-cero.com\\\/?page_id=20\"},{\"@type\":\"ListItem\",\"position\":3,\"name\":\"Site-03\"}]},{\"@type\":\"WebSite\",\"@id\":\"https:\\\/\\\/www.meridiano-cero.com\\\/#website\",\"url\":\"https:\\\/\\\/www.meridiano-cero.com\\\/\",\"name\":\"meridiano-cero\",\"description\":\"Take only pictures, leave only bubbles!\",\"publisher\":{\"@id\":\"https:\\\/\\\/www.meridiano-cero.com\\\/#organization\"},\"potentialAction\":[{\"@type\":\"SearchAction\",\"target\":{\"@type\":\"EntryPoint\",\"urlTemplate\":\"https:\\\/\\\/www.meridiano-cero.com\\\/?s={search_term_string}\"},\"query-input\":{\"@type\":\"PropertyValueSpecification\",\"valueRequired\":true,\"valueName\":\"search_term_string\"}}],\"inLanguage\":\"fr-FR\"},{\"@type\":\"Organization\",\"@id\":\"https:\\\/\\\/www.meridiano-cero.com\\\/#organization\",\"name\":\"MERIDIANO CERO\",\"url\":\"https:\\\/\\\/www.meridiano-cero.com\\\/\",\"logo\":{\"@type\":\"ImageObject\",\"inLanguage\":\"fr-FR\",\"@id\":\"https:\\\/\\\/www.meridiano-cero.com\\\/#\\\/schema\\\/logo\\\/image\\\/\",\"url\":\"https:\\\/\\\/www.meridiano-cero.com\\\/wp-content\\\/uploads\\\/2024\\\/01\\\/M0-2-noir-pdf.jpg\",\"contentUrl\":\"https:\\\/\\\/www.meridiano-cero.com\\\/wp-content\\\/uploads\\\/2024\\\/01\\\/M0-2-noir-pdf.jpg\",\"width\":640,\"height\":437,\"caption\":\"MERIDIANO CERO\"},\"image\":{\"@id\":\"https:\\\/\\\/www.meridiano-cero.com\\\/#\\\/schema\\\/logo\\\/image\\\/\"},\"sameAs\":[\"https:\\\/\\\/www.facebook.com\\\/meridianoceroclub\\\/\",\"https:\\\/\\\/www.instagram.com\\\/meridiano0divingcenter\\\/\"]}]}<\/script>\n<!-- \/ Yoast SEO plugin. -->","yoast_head_json":{"title":"Site-03 - meridiano-cero","robots":{"index":"index","follow":"follow","max-snippet":"max-snippet:-1","max-image-preview":"max-image-preview:large","max-video-preview":"max-video-preview:-1"},"canonical":"https:\/\/www.meridiano-cero.com\/?page_id=1683","og_locale":"fr_FR","og_type":"article","og_title":"Site-03 - meridiano-cero","og_description":"El Desierto Derni\u00e8re bou\u00e9e de la r\u00e9serve marine, la plong\u00e9e commence pr\u00e8s de la rive par un fond rocheux qui glisse vers un plateau de sable empli d&#8217;anguilles jardini\u00e8res, la plus grand d&#8217;Europe (11km !).&nbsp; Ce jardin de sable noir est le lieu id\u00e9al des raies pastenagues , des poissons rasoirs, les congres des sables [&hellip;]","og_url":"https:\/\/www.meridiano-cero.com\/?page_id=1683","og_site_name":"meridiano-cero","article_publisher":"https:\/\/www.facebook.com\/meridianoceroclub\/","article_modified_time":"2024-05-25T07:32:35+00:00","og_image":[{"url":"https:\/\/www.meridiano-cero.com\/wp-content\/uploads\/2024\/01\/s03-big.jpg","type":"","width":"","height":""}],"twitter_card":"summary_large_image","twitter_misc":{"Dur\u00e9e de lecture estim\u00e9e":"1 minute"},"schema":{"@context":"https:\/\/schema.org","@graph":[{"@type":"WebPage","@id":"https:\/\/www.meridiano-cero.com\/?page_id=1683","url":"https:\/\/www.meridiano-cero.com\/?page_id=1683","name":"Site-03 - meridiano-cero","isPartOf":{"@id":"https:\/\/www.meridiano-cero.com\/#website"},"primaryImageOfPage":{"@id":"https:\/\/www.meridiano-cero.com\/?page_id=1683#primaryimage"},"image":{"@id":"https:\/\/www.meridiano-cero.com\/?page_id=1683#primaryimage"},"thumbnailUrl":"https:\/\/www.meridiano-cero.com\/wp-content\/uploads\/2024\/01\/s03-big.jpg","datePublished":"2024-01-29T01:38:21+00:00","dateModified":"2024-05-25T07:32:35+00:00","breadcrumb":{"@id":"https:\/\/www.meridiano-cero.com\/?page_id=1683#breadcrumb"},"inLanguage":"fr-FR","potentialAction":[{"@type":"ReadAction","target":["https:\/\/www.meridiano-cero.com\/?page_id=1683"]}]},{"@type":"ImageObject","inLanguage":"fr-FR","@id":"https:\/\/www.meridiano-cero.com\/?page_id=1683#primaryimage","url":"https:\/\/www.meridiano-cero.com\/wp-content\/uploads\/2024\/01\/s03-big.jpg","contentUrl":"https:\/\/www.meridiano-cero.com\/wp-content\/uploads\/2024\/01\/s03-big.jpg"},{"@type":"BreadcrumbList","@id":"https:\/\/www.meridiano-cero.com\/?page_id=1683#breadcrumb","itemListElement":[{"@type":"ListItem","position":1,"name":"Accueil","item":"https:\/\/www.meridiano-cero.com\/"},{"@type":"ListItem","position":2,"name":"Sites de plong\u00e9es","item":"https:\/\/www.meridiano-cero.com\/?page_id=20"},{"@type":"ListItem","position":3,"name":"Site-03"}]},{"@type":"WebSite","@id":"https:\/\/www.meridiano-cero.com\/#website","url":"https:\/\/www.meridiano-cero.com\/","name":"meridiano-cero","description":"Take only pictures, leave only bubbles!","publisher":{"@id":"https:\/\/www.meridiano-cero.com\/#organization"},"potentialAction":[{"@type":"SearchAction","target":{"@type":"EntryPoint","urlTemplate":"https:\/\/www.meridiano-cero.com\/?s={search_term_string}"},"query-input":{"@type":"PropertyValueSpecification","valueRequired":true,"valueName":"search_term_string"}}],"inLanguage":"fr-FR"},{"@type":"Organization","@id":"https:\/\/www.meridiano-cero.com\/#organization","name":"MERIDIANO CERO","url":"https:\/\/www.meridiano-cero.com\/","logo":{"@type":"ImageObject","inLanguage":"fr-FR","@id":"https:\/\/www.meridiano-cero.com\/#\/schema\/logo\/image\/","url":"https:\/\/www.meridiano-cero.com\/wp-content\/uploads\/2024\/01\/M0-2-noir-pdf.jpg","contentUrl":"https:\/\/www.meridiano-cero.com\/wp-content\/uploads\/2024\/01\/M0-2-noir-pdf.jpg","width":640,"height":437,"caption":"MERIDIANO CERO"},"image":{"@id":"https:\/\/www.meridiano-cero.com\/#\/schema\/logo\/image\/"},"sameAs":["https:\/\/www.facebook.com\/meridianoceroclub\/","https:\/\/www.instagram.com\/meridiano0divingcenter\/"]}]}},"_links":{"self":[{"href":"https:\/\/www.meridiano-cero.com\/index.php?rest_route=\/wp\/v2\/pages\/1683","targetHints":{"allow":["GET"]}}],"collection":[{"href":"https:\/\/www.meridiano-cero.com\/index.php?rest_route=\/wp\/v2\/pages"}],"about":[{"href":"https:\/\/www.meridiano-cero.com\/index.php?rest_route=\/wp\/v2\/types\/page"}],"author":[{"embeddable":true,"href":"https:\/\/www.meridiano-cero.com\/index.php?rest_route=\/wp\/v2\/users\/1"}],"replies":[{"embeddable":true,"href":"https:\/\/www.meridiano-cero.com\/index.php?rest_route=%2Fwp%2Fv2%2Fcomments&post=1683"}],"version-history":[{"count":15,"href":"https:\/\/www.meridiano-cero.com\/index.php?rest_route=\/wp\/v2\/pages\/1683\/revisions"}],"predecessor-version":[{"id":2154,"href":"https:\/\/www.meridiano-cero.com\/index.php?rest_route=\/wp\/v2\/pages\/1683\/revisions\/2154"}],"up":[{"embeddable":true,"href":"https:\/\/www.meridiano-cero.com\/index.php?rest_route=\/wp\/v2\/pages\/20"}],"wp:attachment":[{"href":"https:\/\/www.meridiano-cero.com\/index.php?rest_route=%2Fwp%2Fv2%2Fmedia&parent=1683"}],"curies":[{"name":"wp","href":"https:\/\/api.w.org\/{rel}","templated":true}]}}